{"id":11295,"date":"2025-01-31T08:33:26","date_gmt":"2025-01-31T07:33:26","guid":{"rendered":"https:\/\/divainers.com\/producto\/divain-544\/"},"modified":"2026-04-30T10:50:04","modified_gmt":"2026-04-30T08:50:04","slug":"divain-544","status":"publish","type":"product","link":"https:\/\/divainers.com\/hu\/producto\/divain-544\/","title":{"rendered":"divain.544"},"content":{"rendered":"<p>Egy finom \u00e9s ragyog\u00f3 illat, amely a finom eleganci\u00e1t \u00e9s egy dr\u00e1gak\u0151 frissess\u00e9g\u00e9t id\u00e9zi. M\u00e1r az els\u0151 pillanatt\u00f3l kezdve egy friss citrusokb\u00f3l \u00e9s z\u00f6ld levelekb\u0151l \u00e1ll\u00f3 kever\u00e9k \u00e9breszti fel az \u00e9rz\u00e9keket vibr\u00e1l\u00f3 \u00e9s friss\u00edt\u0151 \u00e9rzet\u00e9vel. A sz\u00edv\u00e9ben egy vir\u00e1gos csokor \u2013 r\u00f3zsa, j\u00e1zmin \u00e9s gy\u00f6ngyvir\u00e1g \u2013 l\u00e1gy \u00e9s kifinomult n\u0151iess\u00e9get k\u00f6lcs\u00f6n\u00f6z, m\u00edg egy csipet m\u00e1lna k\u00f6nnyed, gy\u00fcm\u00f6lcs\u00f6s \u00e9dess\u00e9get ad hozz\u00e1. V\u00e9g\u00fcl egy p\u00e9zsma, c\u00e9drusfa \u00e9s van\u00edlia alap meleg, k\u00f6r\u00fcl\u00f6lel\u0151 \u00e9s \u00e9rz\u00e9ki nyomot hagy. Ide\u00e1lis parf\u00fcm azoknak, akik friss, vir\u00e1gos \u00e9s eleg\u00e1ns illatot keresnek, t\u00f6k\u00e9letes mindennapi viseletre vagy k\u00fcl\u00f6nleges alkalmakra, amelyek tele vannak f\u00e9nyess\u00e9ggel \u00e9s b\u00e1jjal.<\/p>\n","protected":false},"excerpt":{"rendered":"<p>Eml\u00e9keztet az Aura-ra a Swarovski-t\u00f3l<\/p>\n","protected":false},"featured_media":11289,"comment_status":"open","ping_status":"closed","template":"","meta":[],"product_brand":[],"product_cat":[3221],"product_tag":[1454],"class_list":{"0":"post-11295","1":"product","2":"type-product","3":"status-publish","4":"has-post-thumbnail","6":"product_cat-swarovski","7":"product_tag-nok","9":"first","10":"instock","11":"shipping-taxable","12":"product-type-simple"},"_links":{"self":[{"href":"https:\/\/divainers.com\/hu\/wp-json\/wp\/v2\/product\/11295","targetHints":{"allow":["GET"]}}],"collection":[{"href":"https:\/\/divainers.com\/hu\/wp-json\/wp\/v2\/product"}],"about":[{"href":"https:\/\/divainers.com\/hu\/wp-json\/wp\/v2\/types\/product"}],"replies":[{"embeddable":true,"href":"https:\/\/divainers.com\/hu\/wp-json\/wp\/v2\/comments?post=11295"}],"wp:featuredmedia":[{"embeddable":true,"href":"https:\/\/divainers.com\/hu\/wp-json\/wp\/v2\/media\/11289"}],"wp:attachment":[{"href":"https:\/\/divainers.com\/hu\/wp-json\/wp\/v2\/media?parent=11295"}],"wp:term":[{"taxonomy":"product_brand","embeddable":true,"href":"https:\/\/divainers.com\/hu\/wp-json\/wp\/v2\/product_brand?post=11295"},{"taxonomy":"product_cat","embeddable":true,"href":"https:\/\/divainers.com\/hu\/wp-json\/wp\/v2\/product_cat?post=11295"},{"taxonomy":"product_tag","embeddable":true,"href":"https:\/\/divainers.com\/hu\/wp-json\/wp\/v2\/product_tag?post=11295"}],"curies":[{"name":"wp","href":"https:\/\/api.w.org\/{rel}","templated":true}]}}