{"id":11743,"date":"2025-01-31T08:33:27","date_gmt":"2025-01-31T07:33:27","guid":{"rendered":"https:\/\/divainers.com\/producto\/divain-903\/"},"modified":"2026-04-30T10:53:16","modified_gmt":"2026-04-30T08:53:16","slug":"divain-903","status":"publish","type":"product","link":"https:\/\/divainers.com\/hu\/producto\/divain-903\/","title":{"rendered":"divain.903"},"content":{"rendered":"<p>Egy b\u00e1jos \u00e9s finom illat, amely a gyermekkor tisztas\u00e1g\u00e1t id\u00e9zi fel egy friss \u00e9s l\u00e1gy kever\u00e9kkel, mely \u00e9l\u00e9nk citrusokat \u00e9s gyeng\u00e9d vir\u00e1gos jegyeket tartalmaz. A nyit\u00e1ny egy s\u00f3haj citrommal \u00e9s \u00e9des narancsokkal, amely azonnal fel\u00e9breszti az \u00e9rz\u00e9keket fiatalos \u00e9leter\u0151vel. Ahogy kibontakozik, a narancsvir\u00e1g \u00e9s j\u00e1zmin jegyek meleg \u00e9s finom \u00e9rint\u00e9st adnak, m\u00edg az alapillat mandula \u00e9s van\u00edlia \u00f6lel\u00e9s\u00e9ben megnyugtat\u00f3 puhas\u00e1got k\u00f6lcs\u00f6n\u00f6z, \u00e9des \u00e9s enyh\u00e9n kr\u00e9mes nyomot hagyva maga ut\u00e1n. Ez a parf\u00fcm t\u00f6k\u00e9letes azok sz\u00e1m\u00e1ra, akik k\u00f6nnyed, friss \u00e9s gyeng\u00e9d illatot keresnek, amely visszat\u00fckr\u00f6zi az els\u0151 pillanatok \u00e1rtatlans\u00e1g\u00e1t \u00e9s \u00f6r\u00f6m\u00e9t, melegs\u00e9get \u00e9s frissess\u00e9get teremtve, amely eg\u00e9sz nap finoman kitart.<\/p>\n","protected":false},"excerpt":{"rendered":"<p>Eml\u00e9keztet a Ptisenbon-ra a Tartine et Chocolat-t\u00f3l<\/p>\n","protected":false},"featured_media":3193,"comment_status":"open","ping_status":"closed","template":"","meta":[],"product_brand":[],"product_cat":[3452],"product_tag":[2325],"class_list":{"0":"post-11743","1":"product","2":"type-product","3":"status-publish","4":"has-post-thumbnail","6":"product_cat-tartine-et-chocolat","7":"product_tag-ninos-y-ninas","9":"first","10":"instock","11":"shipping-taxable","12":"product-type-simple"},"_links":{"self":[{"href":"https:\/\/divainers.com\/hu\/wp-json\/wp\/v2\/product\/11743","targetHints":{"allow":["GET"]}}],"collection":[{"href":"https:\/\/divainers.com\/hu\/wp-json\/wp\/v2\/product"}],"about":[{"href":"https:\/\/divainers.com\/hu\/wp-json\/wp\/v2\/types\/product"}],"replies":[{"embeddable":true,"href":"https:\/\/divainers.com\/hu\/wp-json\/wp\/v2\/comments?post=11743"}],"wp:featuredmedia":[{"embeddable":true,"href":"https:\/\/divainers.com\/hu\/wp-json\/wp\/v2\/media\/3193"}],"wp:attachment":[{"href":"https:\/\/divainers.com\/hu\/wp-json\/wp\/v2\/media?parent=11743"}],"wp:term":[{"taxonomy":"product_brand","embeddable":true,"href":"https:\/\/divainers.com\/hu\/wp-json\/wp\/v2\/product_brand?post=11743"},{"taxonomy":"product_cat","embeddable":true,"href":"https:\/\/divainers.com\/hu\/wp-json\/wp\/v2\/product_cat?post=11743"},{"taxonomy":"product_tag","embeddable":true,"href":"https:\/\/divainers.com\/hu\/wp-json\/wp\/v2\/product_tag?post=11743"}],"curies":[{"name":"wp","href":"https:\/\/api.w.org\/{rel}","templated":true}]}}