{"id":11787,"date":"2025-01-31T08:33:27","date_gmt":"2025-01-31T07:33:27","guid":{"rendered":"https:\/\/divainers.com\/producto\/divain-781\/"},"modified":"2026-04-30T10:53:28","modified_gmt":"2026-04-30T08:53:28","slug":"divain-781","status":"publish","type":"product","link":"https:\/\/divainers.com\/hu\/producto\/divain-781\/","title":{"rendered":"divain.781"},"content":{"rendered":"<p>Ez az uniszex illat f\u0171szeres \u00e9s citrusos nyit\u00e1nnyal kezd\u0151dik, ahol a koriander \u00e9s a k\u00f6m\u00e9ny friss jegyekkel fon\u00f3dik \u00f6ssze, melegs\u00e9get \u00e9s kifinomults\u00e1got teremtve. A sz\u00edvben a c\u00e9drus \u00e9s a j\u00e1zmin f\u00e1s \u00e9s vir\u00e1gos eleganci\u00e1t hoz, mely a sivatagi t\u00e1jak nyugalm\u00e1t id\u00e9zi. Az alapot a pacsuli, a sz\u00fcrke borosty\u00e1n \u00e9s a gyant\u00e1k balsamikus \u00e9s f\u00f6ldes m\u00e9lys\u00e9ggel gazdag\u00edtj\u00e1k, t\u00fckr\u00f6zve a Maghreb term\u00e9szetes gazdags\u00e1g\u00e1t. Ez az \u00f6sszet\u00e9tel, melyet luxus parf\u00fcmkoncentr\u00e1tumban mutatnak be, egyed\u00fcl\u00e1ll\u00f3 \u00e9rz\u00e9ki \u00e9lm\u00e9nyt k\u00edn\u00e1l, amely megragadja a sivatag l\u00e9nyeg\u00e9t.<\/p>\n","protected":false},"excerpt":{"rendered":"<p>Eml\u00e9keztet az Au Coeur du D\u00e9sert-re a Tauer-t\u0151l<\/p>\n","protected":false},"featured_media":11781,"comment_status":"open","ping_status":"closed","template":"","meta":[],"product_brand":[],"product_cat":[3474],"product_tag":[1387],"class_list":{"0":"post-11787","1":"product","2":"type-product","3":"status-publish","4":"has-post-thumbnail","6":"product_cat-tauer","7":"product_tag-unisex","9":"first","10":"instock","11":"shipping-taxable","12":"product-type-simple"},"_links":{"self":[{"href":"https:\/\/divainers.com\/hu\/wp-json\/wp\/v2\/product\/11787","targetHints":{"allow":["GET"]}}],"collection":[{"href":"https:\/\/divainers.com\/hu\/wp-json\/wp\/v2\/product"}],"about":[{"href":"https:\/\/divainers.com\/hu\/wp-json\/wp\/v2\/types\/product"}],"replies":[{"embeddable":true,"href":"https:\/\/divainers.com\/hu\/wp-json\/wp\/v2\/comments?post=11787"}],"wp:featuredmedia":[{"embeddable":true,"href":"https:\/\/divainers.com\/hu\/wp-json\/wp\/v2\/media\/11781"}],"wp:attachment":[{"href":"https:\/\/divainers.com\/hu\/wp-json\/wp\/v2\/media?parent=11787"}],"wp:term":[{"taxonomy":"product_brand","embeddable":true,"href":"https:\/\/divainers.com\/hu\/wp-json\/wp\/v2\/product_brand?post=11787"},{"taxonomy":"product_cat","embeddable":true,"href":"https:\/\/divainers.com\/hu\/wp-json\/wp\/v2\/product_cat?post=11787"},{"taxonomy":"product_tag","embeddable":true,"href":"https:\/\/divainers.com\/hu\/wp-json\/wp\/v2\/product_tag?post=11787"}],"curies":[{"name":"wp","href":"https:\/\/api.w.org\/{rel}","templated":true}]}}