{"id":12322,"date":"2025-01-31T08:33:27","date_gmt":"2025-01-31T07:33:27","guid":{"rendered":"https:\/\/divainers.com\/producto\/divain-036\/"},"modified":"2026-04-30T10:56:42","modified_gmt":"2026-04-30T08:56:42","slug":"divain-036","status":"publish","type":"product","link":"https:\/\/divainers.com\/hu\/producto\/divain-036\/","title":{"rendered":"divain.036"},"content":{"rendered":"<p>Egy er\u0151teljes \u00e9s avantg\u00e1rd illat, amely intenzit\u00e1st \u00e9s kifinomults\u00e1got \u00f6tv\u00f6z egy felejthetetlen kompoz\u00edci\u00f3ban. Friss\u00edt\u0151 nyit\u00e1nya a menta \u00e9s levendula vibr\u00e1l\u00e1s\u00e1t hozza, m\u00edg a k\u00e1v\u00e9 \u00e9s karamell addikt\u00edv sz\u00edve \u00e9des \u00e9s f\u0171szeres jegyeket ad, meleg \u00e9s k\u00f6r\u00fcl\u00f6lel\u0151 \u00e9rz\u00e9st teremtve. Az alapban a pacsuli, a p\u00e9zsma \u00e9s a van\u00edlia er\u0151s\u00edtik m\u00e9ly \u00e9s m\u00e1gneses karakter\u00e9t, intenz\u00edv \u00e9s tart\u00f3s nyomot hagyva. T\u00f6k\u00e9letes a mer\u00e9sz \u00e9s karizmatikus f\u00e9rfinak, aki egyedi, mag\u00e1val ragad\u00f3 szem\u00e9lyis\u00e9g\u0171 illatot keres.<\/p>\n","protected":false},"excerpt":{"rendered":"<p>Eml\u00e9keztet az A*Men-re a Thierry Mugler-t\u0151l<\/p>\n","protected":false},"featured_media":12321,"comment_status":"open","ping_status":"closed","template":"","meta":[],"product_brand":[],"product_cat":[3743],"product_tag":[1372],"class_list":{"0":"post-12322","1":"product","2":"type-product","3":"status-publish","4":"has-post-thumbnail","6":"product_cat-thierry-mugler","7":"product_tag-ferfiak","9":"first","10":"instock","11":"shipping-taxable","12":"product-type-simple"},"_links":{"self":[{"href":"https:\/\/divainers.com\/hu\/wp-json\/wp\/v2\/product\/12322","targetHints":{"allow":["GET"]}}],"collection":[{"href":"https:\/\/divainers.com\/hu\/wp-json\/wp\/v2\/product"}],"about":[{"href":"https:\/\/divainers.com\/hu\/wp-json\/wp\/v2\/types\/product"}],"replies":[{"embeddable":true,"href":"https:\/\/divainers.com\/hu\/wp-json\/wp\/v2\/comments?post=12322"}],"wp:featuredmedia":[{"embeddable":true,"href":"https:\/\/divainers.com\/hu\/wp-json\/wp\/v2\/media\/12321"}],"wp:attachment":[{"href":"https:\/\/divainers.com\/hu\/wp-json\/wp\/v2\/media?parent=12322"}],"wp:term":[{"taxonomy":"product_brand","embeddable":true,"href":"https:\/\/divainers.com\/hu\/wp-json\/wp\/v2\/product_brand?post=12322"},{"taxonomy":"product_cat","embeddable":true,"href":"https:\/\/divainers.com\/hu\/wp-json\/wp\/v2\/product_cat?post=12322"},{"taxonomy":"product_tag","embeddable":true,"href":"https:\/\/divainers.com\/hu\/wp-json\/wp\/v2\/product_tag?post=12322"}],"curies":[{"name":"wp","href":"https:\/\/api.w.org\/{rel}","templated":true}]}}