{"id":12884,"date":"2025-01-31T08:33:28","date_gmt":"2025-01-31T07:33:28","guid":{"rendered":"https:\/\/divainers.com\/producto\/divain-426\/"},"modified":"2026-04-30T10:59:41","modified_gmt":"2026-04-30T08:59:41","slug":"divain-426","status":"publish","type":"product","link":"https:\/\/divainers.com\/hu\/producto\/divain-426\/","title":{"rendered":"divain.426"},"content":{"rendered":"<p>Egy m\u00e1gneses \u00e9s k\u00f6r\u00fcl\u00f6lel\u0151 illat, amely fel\u00e9breszti az \u00e9rz\u00e9keket gazdag, l\u00e9d\u00fas gy\u00fcm\u00f6lcs\u00f6k \u00e9s \u00e9rz\u00e9ki f\u00e1k opulens kever\u00e9k\u00e9vel. M\u00e1r az els\u0151 pillanatt\u00f3l kezdve egy gy\u00fcm\u00f6lcs\u00f6s robban\u00e1s \u2013 maracuja, \u0151szibarack \u00e9s fekete ribizli \u2013 t\u00f6lti be a leveg\u0151t egzotikus \u00e9s cs\u00e1b\u00edt\u00f3 \u00e9dess\u00e9ggel. A sz\u00edv\u00e9ben egy finom vir\u00e1gos akkord fon\u00f3dik \u00f6ssze borosty\u00e1nos \u00e1rnyalatokkal, m\u00e9lys\u00e9get \u00e9s misztikumot adva. V\u00e9g\u00fcl a p\u00e9zsma, pacsuli \u00e9s szant\u00e1lfa alap kr\u00e9mes \u00e9s f\u00fcgg\u0151s\u00e9get okoz\u00f3 nyomot hagy, felejthetetlen benyom\u00e1st keltve. Egy hipnotikus \u00e9s cs\u00e1b\u00edt\u00f3 parf\u00fcm, ide\u00e1lis azoknak, akik intenz\u00edv, kifinomult \u00e9s szem\u00e9lyis\u00e9ggel teli illatot keresnek.<\/p>\n","protected":false},"excerpt":{"rendered":"<p>Eml\u00e9keztet a Kirk\u00e9re, Tiziana Terenzi-t\u0151l<\/p>\n","protected":false},"featured_media":12868,"comment_status":"open","ping_status":"closed","template":"","meta":[],"product_brand":[],"product_cat":[4024],"product_tag":[1387],"class_list":{"0":"post-12884","1":"product","2":"type-product","3":"status-publish","4":"has-post-thumbnail","6":"product_cat-tiziana-terenzi","7":"product_tag-unisex","9":"first","10":"instock","11":"shipping-taxable","12":"product-type-simple"},"_links":{"self":[{"href":"https:\/\/divainers.com\/hu\/wp-json\/wp\/v2\/product\/12884","targetHints":{"allow":["GET"]}}],"collection":[{"href":"https:\/\/divainers.com\/hu\/wp-json\/wp\/v2\/product"}],"about":[{"href":"https:\/\/divainers.com\/hu\/wp-json\/wp\/v2\/types\/product"}],"replies":[{"embeddable":true,"href":"https:\/\/divainers.com\/hu\/wp-json\/wp\/v2\/comments?post=12884"}],"wp:featuredmedia":[{"embeddable":true,"href":"https:\/\/divainers.com\/hu\/wp-json\/wp\/v2\/media\/12868"}],"wp:attachment":[{"href":"https:\/\/divainers.com\/hu\/wp-json\/wp\/v2\/media?parent=12884"}],"wp:term":[{"taxonomy":"product_brand","embeddable":true,"href":"https:\/\/divainers.com\/hu\/wp-json\/wp\/v2\/product_brand?post=12884"},{"taxonomy":"product_cat","embeddable":true,"href":"https:\/\/divainers.com\/hu\/wp-json\/wp\/v2\/product_cat?post=12884"},{"taxonomy":"product_tag","embeddable":true,"href":"https:\/\/divainers.com\/hu\/wp-json\/wp\/v2\/product_tag?post=12884"}],"curies":[{"name":"wp","href":"https:\/\/api.w.org\/{rel}","templated":true}]}}