{"id":13439,"date":"2025-01-31T08:33:35","date_gmt":"2025-01-31T07:33:35","guid":{"rendered":"https:\/\/divainers.com\/producto\/divain-092\/"},"modified":"2026-04-30T11:03:36","modified_gmt":"2026-04-30T09:03:36","slug":"divain-092","status":"publish","type":"product","link":"https:\/\/divainers.com\/hu\/producto\/divain-092\/","title":{"rendered":"divain.092"},"content":{"rendered":"<p>Egy friss \u00e9s vibr\u00e1l\u00f3 illat, amely megragadja a fiatals\u00e1g \u00e9s a szabads\u00e1g l\u00e9nyeg\u00e9t. Csillog\u00f3 nyit\u00e1nya alma, fekete ribizli \u00e9s mandarin jegyekkel ragyog\u00f3 \u00e9s friss\u00edt\u0151 energi\u00e1t hoz. A sz\u00edvben a r\u00f3zsa, a liliom \u00e9s a lonc kombin\u00e1ci\u00f3ja l\u00e1gy \u00e9s term\u00e9szetes n\u0151iess\u00e9ggel vonja be az illatot. Az alapban a szant\u00e1lfa \u00e9s a c\u00e9drus meleg \u00e9s k\u00f6nnyed nyomot alkotnak, t\u00f6k\u00e9letesen illeszkedve a spont\u00e1n, optimista, szabad szellem\u0171 n\u0151h\u00f6z, aki minden pillanatot \u00e9lvez.<\/p>\n","protected":false},"excerpt":{"rendered":"<p>Eml\u00e9keztet a Tommy Hilfiger Tommy Girl illat\u00e1ra<\/p>\n","protected":false},"featured_media":13432,"comment_status":"open","ping_status":"closed","template":"","meta":[],"product_brand":[],"product_cat":[4285],"product_tag":[1454],"class_list":{"0":"post-13439","1":"product","2":"type-product","3":"status-publish","4":"has-post-thumbnail","6":"product_cat-tommy-hilfiger","7":"product_tag-nok","9":"first","10":"instock","11":"shipping-taxable","12":"product-type-simple"},"_links":{"self":[{"href":"https:\/\/divainers.com\/hu\/wp-json\/wp\/v2\/product\/13439","targetHints":{"allow":["GET"]}}],"collection":[{"href":"https:\/\/divainers.com\/hu\/wp-json\/wp\/v2\/product"}],"about":[{"href":"https:\/\/divainers.com\/hu\/wp-json\/wp\/v2\/types\/product"}],"replies":[{"embeddable":true,"href":"https:\/\/divainers.com\/hu\/wp-json\/wp\/v2\/comments?post=13439"}],"wp:featuredmedia":[{"embeddable":true,"href":"https:\/\/divainers.com\/hu\/wp-json\/wp\/v2\/media\/13432"}],"wp:attachment":[{"href":"https:\/\/divainers.com\/hu\/wp-json\/wp\/v2\/media?parent=13439"}],"wp:term":[{"taxonomy":"product_brand","embeddable":true,"href":"https:\/\/divainers.com\/hu\/wp-json\/wp\/v2\/product_brand?post=13439"},{"taxonomy":"product_cat","embeddable":true,"href":"https:\/\/divainers.com\/hu\/wp-json\/wp\/v2\/product_cat?post=13439"},{"taxonomy":"product_tag","embeddable":true,"href":"https:\/\/divainers.com\/hu\/wp-json\/wp\/v2\/product_tag?post=13439"}],"curies":[{"name":"wp","href":"https:\/\/api.w.org\/{rel}","templated":true}]}}