{"id":13947,"date":"2025-01-31T08:33:35","date_gmt":"2025-01-31T07:33:35","guid":{"rendered":"https:\/\/divainers.com\/producto\/divain-061\/"},"modified":"2026-04-30T11:06:14","modified_gmt":"2026-04-30T09:06:14","slug":"divain-061","status":"publish","type":"product","link":"https:\/\/divainers.com\/hu\/producto\/divain-061\/","title":{"rendered":"divain.061"},"content":{"rendered":"<p>Egy l\u00e1gy \u00e9s eleg\u00e1ns illat, amely minden jegy\u00e9ben frissess\u00e9get \u00e9s finoms\u00e1got sug\u00e1roz. A bergamott \u00e9s ibolyalapok ragyog\u00f3 nyit\u00e1nya citrusos \u00e9s z\u00f6ldes \u00e9rint\u00e9st ad, m\u00edg a r\u00f3zsa, bazsar\u00f3zsa \u00e9s j\u00e1zmin vir\u00e1gos sz\u00edve n\u0151iess\u00e9ggel \u00e9s kifinomults\u00e1ggal \u00f6leli k\u00f6r\u00fcl az illatot. Az alapban a feh\u00e9r p\u00e9zsma \u00e9s a c\u00e9drus meleg, k\u00f6r\u00fcl\u00f6lel\u0151 nyomot hagy, t\u00f6k\u00e9letes a finom, eleg\u00e1ns, term\u00e9szetes b\u00e1j\u00fa n\u0151 sz\u00e1m\u00e1ra.<\/p>\n","protected":false},"excerpt":{"rendered":"<p>Eml\u00e9keztet a Tous illat\u00e1ra a Toust\u00f3l<\/p>\n","protected":false},"featured_media":13946,"comment_status":"open","ping_status":"closed","template":"","meta":[],"product_brand":[],"product_cat":[4530],"product_tag":[1454],"class_list":{"0":"post-13947","1":"product","2":"type-product","3":"status-publish","4":"has-post-thumbnail","6":"product_cat-tous","7":"product_tag-nok","9":"first","10":"instock","11":"shipping-taxable","12":"product-type-simple"},"_links":{"self":[{"href":"https:\/\/divainers.com\/hu\/wp-json\/wp\/v2\/product\/13947","targetHints":{"allow":["GET"]}}],"collection":[{"href":"https:\/\/divainers.com\/hu\/wp-json\/wp\/v2\/product"}],"about":[{"href":"https:\/\/divainers.com\/hu\/wp-json\/wp\/v2\/types\/product"}],"replies":[{"embeddable":true,"href":"https:\/\/divainers.com\/hu\/wp-json\/wp\/v2\/comments?post=13947"}],"wp:featuredmedia":[{"embeddable":true,"href":"https:\/\/divainers.com\/hu\/wp-json\/wp\/v2\/media\/13946"}],"wp:attachment":[{"href":"https:\/\/divainers.com\/hu\/wp-json\/wp\/v2\/media?parent=13947"}],"wp:term":[{"taxonomy":"product_brand","embeddable":true,"href":"https:\/\/divainers.com\/hu\/wp-json\/wp\/v2\/product_brand?post=13947"},{"taxonomy":"product_cat","embeddable":true,"href":"https:\/\/divainers.com\/hu\/wp-json\/wp\/v2\/product_cat?post=13947"},{"taxonomy":"product_tag","embeddable":true,"href":"https:\/\/divainers.com\/hu\/wp-json\/wp\/v2\/product_tag?post=13947"}],"curies":[{"name":"wp","href":"https:\/\/api.w.org\/{rel}","templated":true}]}}