{"id":377,"date":"2025-01-31T08:31:55","date_gmt":"2025-01-31T07:31:55","guid":{"rendered":"https:\/\/divainers.com\/producto\/divain-603\/"},"modified":"2026-04-30T16:21:18","modified_gmt":"2026-04-30T14:21:18","slug":"divain-603","status":"publish","type":"product","link":"https:\/\/divainers.com\/hu\/producto\/divain-603\/","title":{"rendered":"divain.603"},"content":{"rendered":"<p>Jemn\u00e1, sv\u011btl\u00e1 a sofistikovan\u00e1 v\u016fn\u011b, kter\u00e1 evokuje sv\u011b\u017eest jarn\u00ed zahrady pokryt\u00e9 rosou. Od za\u010d\u00e1tku probouzej\u00ed jisk\u0159iv\u00e9 t\u00f3ny r\u016f\u017eov\u00e9ho grapefruitu a zelen\u00e9 m\u00edzy smysly s \u017eivou a lehkou energi\u00ed. V srdci elegantn\u00ed kytice kosatce a bulharsk\u00e9 r\u016f\u017ee p\u0159in\u00e1\u0161\u00ed sametovou a rafinovanou \u017eenskost. Nakonec z\u00e1klad z heliotropu a jemn\u00e9ho d\u0159eva zanech\u00e1v\u00e1 obklopuj\u00edc\u00ed a jemn\u011b pudrov\u00fd stopu, ide\u00e1ln\u00ed pro ty, kte\u0159\u00ed hledaj\u00ed dotek \u00e9terick\u00e9 elegance. Parf\u00e9m ide\u00e1ln\u00ed pro milovn\u00edky kv\u011btinov\u00fdch a sv\u011b\u017e\u00edch v\u016fn\u00ed s sofistikovan\u00fdm a nad\u010dasov\u00fdm n\u00e1dechem, vhodn\u00fd pro ka\u017edodenn\u00ed no\u0161en\u00ed i zvl\u00e1\u0161tn\u00ed p\u0159\u00edle\u017eitosti.<\/p>\n","protected":false},"excerpt":{"rendered":"<p>P\u0159ipom\u00edn\u00e1 Omnia Amethyste od Bvlgari<\/p>\n","protected":false},"featured_media":15942,"comment_status":"open","ping_status":"closed","template":"","meta":[],"product_brand":[],"product_cat":[1936],"product_tag":[1420],"class_list":{"0":"post-377","1":"product","2":"type-product","3":"status-publish","4":"has-post-thumbnail","6":"product_cat-bvlgari","7":"product_tag-frauen","9":"first","10":"instock","11":"shipping-taxable","12":"product-type-simple"},"_links":{"self":[{"href":"https:\/\/divainers.com\/hu\/wp-json\/wp\/v2\/product\/377","targetHints":{"allow":["GET"]}}],"collection":[{"href":"https:\/\/divainers.com\/hu\/wp-json\/wp\/v2\/product"}],"about":[{"href":"https:\/\/divainers.com\/hu\/wp-json\/wp\/v2\/types\/product"}],"replies":[{"embeddable":true,"href":"https:\/\/divainers.com\/hu\/wp-json\/wp\/v2\/comments?post=377"}],"wp:featuredmedia":[{"embeddable":true,"href":"https:\/\/divainers.com\/hu\/wp-json\/wp\/v2\/media\/15942"}],"wp:attachment":[{"href":"https:\/\/divainers.com\/hu\/wp-json\/wp\/v2\/media?parent=377"}],"wp:term":[{"taxonomy":"product_brand","embeddable":true,"href":"https:\/\/divainers.com\/hu\/wp-json\/wp\/v2\/product_brand?post=377"},{"taxonomy":"product_cat","embeddable":true,"href":"https:\/\/divainers.com\/hu\/wp-json\/wp\/v2\/product_cat?post=377"},{"taxonomy":"product_tag","embeddable":true,"href":"https:\/\/divainers.com\/hu\/wp-json\/wp\/v2\/product_tag?post=377"}],"curies":[{"name":"wp","href":"https:\/\/api.w.org\/{rel}","templated":true}]}}