{"id":379,"date":"2025-01-31T08:31:56","date_gmt":"2025-01-31T07:31:56","guid":{"rendered":"https:\/\/divainers.com\/producto\/divain-777\/"},"modified":"2026-04-30T16:21:21","modified_gmt":"2026-04-30T14:21:21","slug":"divain-777","status":"publish","type":"product","link":"https:\/\/divainers.com\/hu\/producto\/divain-777\/","title":{"rendered":"divain.777"},"content":{"rendered":"<p>Tato kv\u011btinov\u00e1 v\u016fn\u011b za\u010d\u00edn\u00e1 sv\u011b\u017e\u00edm a ovocn\u00fdm \u00favodem, kde se prol\u00ednaj\u00ed t\u00f3ny r\u016f\u017ee, fialky a ostru\u017einy (\u010dern\u00e9 maliny), vytv\u00e1\u0159ej\u00edc\u00ed pocit jemnosti a sv\u011b\u017eesti. V srdci v\u016fn\u011b r\u016f\u017ee z Taifu, mim\u00f3za a jasm\u00edn p\u0159in\u00e1\u0161ej\u00ed bohatost kv\u011btinov\u00fdch t\u00f3n\u016f, kter\u00e9 obklopuj\u00ed smysly sofistikovan\u00fdm z\u00e1\u017eitkem. Z\u00e1klad z pi\u017ema, santalov\u00e9ho d\u0159eva, pa\u010duli a gaiacov\u00e9ho d\u0159eva nab\u00edz\u00ed d\u0159evitou a zemitou hloubku, p\u0159id\u00e1vaj\u00edc\u00ed teplo a slo\u017eitost kompozici. Tato v\u016fn\u011b, uveden\u00e1 na trh v roce 2006 a vytvo\u0159en\u00e1 parfum\u00e9rkou Beatrice Piquet, odr\u00e1\u017e\u00ed nad\u010dasovou eleganci Bvlgari a je ide\u00e1ln\u00ed pro sofistikovan\u00e9 \u017eeny hledaj\u00edc\u00ed jedine\u010dnou a obklopuj\u00edc\u00ed esenci.<\/p>\n","protected":false},"excerpt":{"rendered":"<p>P\u0159ipom\u00edn\u00e1 Rose Essentielle od Bvlgari<\/p>\n","protected":false},"featured_media":15944,"comment_status":"open","ping_status":"closed","template":"","meta":[],"product_brand":[],"product_cat":[1938],"product_tag":[1430],"class_list":{"0":"post-379","1":"product","2":"type-product","3":"status-publish","4":"has-post-thumbnail","6":"product_cat-bvlgari","7":"product_tag-zeny","9":"first","10":"instock","11":"shipping-taxable","12":"product-type-simple"},"_links":{"self":[{"href":"https:\/\/divainers.com\/hu\/wp-json\/wp\/v2\/product\/379","targetHints":{"allow":["GET"]}}],"collection":[{"href":"https:\/\/divainers.com\/hu\/wp-json\/wp\/v2\/product"}],"about":[{"href":"https:\/\/divainers.com\/hu\/wp-json\/wp\/v2\/types\/product"}],"replies":[{"embeddable":true,"href":"https:\/\/divainers.com\/hu\/wp-json\/wp\/v2\/comments?post=379"}],"wp:featuredmedia":[{"embeddable":true,"href":"https:\/\/divainers.com\/hu\/wp-json\/wp\/v2\/media\/15944"}],"wp:attachment":[{"href":"https:\/\/divainers.com\/hu\/wp-json\/wp\/v2\/media?parent=379"}],"wp:term":[{"taxonomy":"product_brand","embeddable":true,"href":"https:\/\/divainers.com\/hu\/wp-json\/wp\/v2\/product_brand?post=379"},{"taxonomy":"product_cat","embeddable":true,"href":"https:\/\/divainers.com\/hu\/wp-json\/wp\/v2\/product_cat?post=379"},{"taxonomy":"product_tag","embeddable":true,"href":"https:\/\/divainers.com\/hu\/wp-json\/wp\/v2\/product_tag?post=379"}],"curies":[{"name":"wp","href":"https:\/\/api.w.org\/{rel}","templated":true}]}}