{"id":380,"date":"2025-01-31T08:31:56","date_gmt":"2025-01-31T07:31:56","guid":{"rendered":"https:\/\/divainers.com\/producto\/divain-902\/"},"modified":"2026-04-30T16:21:22","modified_gmt":"2026-04-30T14:21:22","slug":"divain-902","status":"publish","type":"product","link":"https:\/\/divainers.com\/hu\/producto\/divain-902\/","title":{"rendered":"divain.902"},"content":{"rendered":"<p>Jemn\u00e1 a uklid\u0148uj\u00edc\u00ed v\u016fn\u011b, kter\u00e1 obklopuje smysly pocitem n\u011bhy a sv\u011b\u017eesti. Na za\u010d\u00e1tku se rozv\u00edj\u00ed exploze jasn\u00fdch a lehk\u00fdch citrusov\u00fdch t\u00f3n\u016f, kter\u00e9 se m\u00eds\u00ed s jemn\u00fdmi kv\u011btinov\u00fdmi akordy he\u0159m\u00e1nku a b\u00edl\u00fdch r\u016f\u017e\u00ed, vytv\u00e1\u0159ej\u00edc\u00ed sv\u011b\u017e\u00ed a hrav\u00fd stopu evokuj\u00edc\u00ed nevinnost tepl\u00e9ho objet\u00ed. Postupem \u010dasu se rozv\u00edj\u00ed jemn\u00fd z\u00e1klad z pi\u017ema a vanilky, kter\u00fd p\u0159in\u00e1\u0161\u00ed sametovou sladkost, jako dotek n\u011bhy v ka\u017ed\u00e9 not\u011b. Tento parf\u00e9m je ide\u00e1ln\u00ed pro ty, kte\u0159\u00ed hledaj\u00ed lehkou, sv\u011b\u017e\u00ed a obklopuj\u00edc\u00ed v\u016fni, ide\u00e1ln\u00ed pro chv\u00edle klidu a pohody, zanech\u00e1vaj\u00edc\u00ed jemnou, ale okouzluj\u00edc\u00ed stopu, kter\u00e1 vyjad\u0159uje \u010distotu a jemnost v ka\u017ed\u00e9m okam\u017eiku.<\/p>\n","protected":false},"excerpt":{"rendered":"<p>P\u0159ipom\u00edn\u00e1 Petits et Mamans od Bvlgari<\/p>\n","protected":false},"featured_media":15945,"comment_status":"open","ping_status":"closed","template":"","meta":[],"product_brand":[],"product_cat":[1927],"product_tag":[4603],"class_list":{"0":"post-380","1":"product","2":"type-product","3":"status-publish","4":"has-post-thumbnail","6":"product_cat-bvlgari","7":"product_tag-deti","9":"first","10":"instock","11":"shipping-taxable","12":"product-type-simple"},"_links":{"self":[{"href":"https:\/\/divainers.com\/hu\/wp-json\/wp\/v2\/product\/380","targetHints":{"allow":["GET"]}}],"collection":[{"href":"https:\/\/divainers.com\/hu\/wp-json\/wp\/v2\/product"}],"about":[{"href":"https:\/\/divainers.com\/hu\/wp-json\/wp\/v2\/types\/product"}],"replies":[{"embeddable":true,"href":"https:\/\/divainers.com\/hu\/wp-json\/wp\/v2\/comments?post=380"}],"wp:featuredmedia":[{"embeddable":true,"href":"https:\/\/divainers.com\/hu\/wp-json\/wp\/v2\/media\/15945"}],"wp:attachment":[{"href":"https:\/\/divainers.com\/hu\/wp-json\/wp\/v2\/media?parent=380"}],"wp:term":[{"taxonomy":"product_brand","embeddable":true,"href":"https:\/\/divainers.com\/hu\/wp-json\/wp\/v2\/product_brand?post=380"},{"taxonomy":"product_cat","embeddable":true,"href":"https:\/\/divainers.com\/hu\/wp-json\/wp\/v2\/product_cat?post=380"},{"taxonomy":"product_tag","embeddable":true,"href":"https:\/\/divainers.com\/hu\/wp-json\/wp\/v2\/product_tag?post=380"}],"curies":[{"name":"wp","href":"https:\/\/api.w.org\/{rel}","templated":true}]}}