{"id":3855,"date":"2025-05-30T09:39:17","date_gmt":"2025-05-30T07:39:17","guid":{"rendered":"https:\/\/divainers.com\/?post_type=product&#038;p=3855"},"modified":"2026-03-16T16:08:34","modified_gmt":"2026-03-16T15:08:34","slug":"divain-482","status":"publish","type":"product","link":"https:\/\/divainers.com\/hu\/producto\/divain-482\/","title":{"rendered":"divain.482"},"content":{"rendered":"<p><span class=\"relative -mx-px my-[-0.2rem] rounded px-px py-[0.2rem] transition-colors duration-100 ease-in-out\">Una fragancia intensa y envolvente que combina especias c\u00e1lidas con un fondo dulce y ahumado.<\/span> <span class=\"relative -mx-px my-[-0.2rem] rounded px-px py-[0.2rem] transition-colors duration-100 ease-in-out\">Su apertura vibrante da paso a un coraz\u00f3n donde el incienso y la flor de azahar se entrelazan, culminando en una base rica de tabaco, pralin\u00e9 y \u00e1mbar.<\/span> <span class=\"relative -mx-px my-[-0.2rem] rounded px-px py-[0.2rem] transition-colors duration-100 ease-in-out\">Ideal para quienes buscan una esencia audaz y sofisticada que deje una impresi\u00f3n duradera.<\/span><\/p>\n","protected":false},"excerpt":{"rendered":"<p>Recuerda a Khamrah Dukhan Lattafa<\/p>\n","protected":false},"featured_media":3850,"comment_status":"closed","ping_status":"closed","template":"","meta":[],"product_brand":[],"product_cat":[610],"product_tag":[],"class_list":{"0":"post-3855","1":"product","2":"type-product","3":"status-publish","4":"has-post-thumbnail","6":"product_cat-lattafa","8":"first","9":"instock","10":"shipping-taxable","11":"product-type-simple"},"_links":{"self":[{"href":"https:\/\/divainers.com\/hu\/wp-json\/wp\/v2\/product\/3855","targetHints":{"allow":["GET"]}}],"collection":[{"href":"https:\/\/divainers.com\/hu\/wp-json\/wp\/v2\/product"}],"about":[{"href":"https:\/\/divainers.com\/hu\/wp-json\/wp\/v2\/types\/product"}],"replies":[{"embeddable":true,"href":"https:\/\/divainers.com\/hu\/wp-json\/wp\/v2\/comments?post=3855"}],"wp:featuredmedia":[{"embeddable":true,"href":"https:\/\/divainers.com\/hu\/wp-json\/wp\/v2\/media\/3850"}],"wp:attachment":[{"href":"https:\/\/divainers.com\/hu\/wp-json\/wp\/v2\/media?parent=3855"}],"wp:term":[{"taxonomy":"product_brand","embeddable":true,"href":"https:\/\/divainers.com\/hu\/wp-json\/wp\/v2\/product_brand?post=3855"},{"taxonomy":"product_cat","embeddable":true,"href":"https:\/\/divainers.com\/hu\/wp-json\/wp\/v2\/product_cat?post=3855"},{"taxonomy":"product_tag","embeddable":true,"href":"https:\/\/divainers.com\/hu\/wp-json\/wp\/v2\/product_tag?post=3855"}],"curies":[{"name":"wp","href":"https:\/\/api.w.org\/{rel}","templated":true}]}}