{"id":386,"date":"2025-01-31T08:31:57","date_gmt":"2025-01-31T07:31:57","guid":{"rendered":"https:\/\/divainers.com\/producto\/divain-909\/"},"modified":"2026-04-30T16:21:30","modified_gmt":"2026-04-30T14:21:30","slug":"divain-909","status":"publish","type":"product","link":"https:\/\/divainers.com\/hu\/producto\/divain-909\/","title":{"rendered":"divain.909"},"content":{"rendered":"<p>Hlubok\u00e1, sv\u016fdn\u00e1 a obklopuj\u00edc\u00ed v\u016fn\u011b, kter\u00e1 v ka\u017ed\u00e9 not\u011b probouz\u00ed pocit tajemstv\u00ed a luxusu. Ji\u017e od prvn\u00edho n\u00e1dechu se sladk\u00e9 ovoce jako t\u0159e\u0161e\u0148 a malina m\u00eds\u00ed s ko\u0159en\u011bn\u00fdm n\u00e1dechem \u0161afr\u00e1nu, vytv\u00e1\u0159ej\u00edc okouzluj\u00edc\u00ed sm\u011bs, kter\u00e1 zve k pono\u0159en\u00ed do smysln\u00e9ho sv\u011bta. Jak se v\u016fn\u011b rozv\u00edj\u00ed, kv\u011btinov\u00e9 t\u00f3ny r\u016f\u017e\u00ed a jasm\u00ednu se prol\u00ednaj\u00ed s jantarov\u00fdm z\u00e1kladem, kter\u00fd je zjemn\u011bn medem, a dod\u00e1vaj\u00ed tak bohatou, sametovou hloubku. Kombinace oudu, vetiveru a pi\u017ema v pozad\u00ed p\u0159in\u00e1\u0161\u00ed jedine\u010dnou hloubku a vytv\u00e1\u0159\u00ed teplou a sofistikovanou stopu. Tato v\u016fn\u011b je ide\u00e1ln\u00ed pro ty, kte\u0159\u00ed hledaj\u00ed parf\u00e9m spojuj\u00edc\u00ed intenzitu, smyslnost a n\u00e1dech temn\u00e9ho luxusu, zanech\u00e1vaj\u00edc\u00ed nezapomenuteln\u00fd otisk.<\/p>\n","protected":false},"excerpt":{"rendered":"<p>P\u0159ipom\u00edn\u00e1 Back to Black by Kilian<\/p>\n","protected":false},"featured_media":15951,"comment_status":"open","ping_status":"closed","template":"","meta":[],"product_brand":[],"product_cat":[1960],"product_tag":[1410],"class_list":{"0":"post-386","1":"product","2":"type-product","3":"status-publish","4":"has-post-thumbnail","6":"product_cat-by-kilian","7":"product_tag-uniseks","9":"first","10":"instock","11":"shipping-taxable","12":"product-type-simple"},"_links":{"self":[{"href":"https:\/\/divainers.com\/hu\/wp-json\/wp\/v2\/product\/386","targetHints":{"allow":["GET"]}}],"collection":[{"href":"https:\/\/divainers.com\/hu\/wp-json\/wp\/v2\/product"}],"about":[{"href":"https:\/\/divainers.com\/hu\/wp-json\/wp\/v2\/types\/product"}],"replies":[{"embeddable":true,"href":"https:\/\/divainers.com\/hu\/wp-json\/wp\/v2\/comments?post=386"}],"wp:featuredmedia":[{"embeddable":true,"href":"https:\/\/divainers.com\/hu\/wp-json\/wp\/v2\/media\/15951"}],"wp:attachment":[{"href":"https:\/\/divainers.com\/hu\/wp-json\/wp\/v2\/media?parent=386"}],"wp:term":[{"taxonomy":"product_brand","embeddable":true,"href":"https:\/\/divainers.com\/hu\/wp-json\/wp\/v2\/product_brand?post=386"},{"taxonomy":"product_cat","embeddable":true,"href":"https:\/\/divainers.com\/hu\/wp-json\/wp\/v2\/product_cat?post=386"},{"taxonomy":"product_tag","embeddable":true,"href":"https:\/\/divainers.com\/hu\/wp-json\/wp\/v2\/product_tag?post=386"}],"curies":[{"name":"wp","href":"https:\/\/api.w.org\/{rel}","templated":true}]}}