{"id":5245,"date":"2026-01-21T13:19:26","date_gmt":"2026-01-21T12:19:26","guid":{"rendered":"https:\/\/divainers.com\/?post_type=product&#038;p=5245"},"modified":"2026-03-16T16:08:40","modified_gmt":"2026-03-16T15:08:40","slug":"divain-1082","status":"publish","type":"product","link":"https:\/\/divainers.com\/hu\/producto\/divain-1082\/","title":{"rendered":"divain.1082"},"content":{"rendered":"<p>Evoca una sensaci\u00f3n l\u00e1ctea, envolvente y casi hipn\u00f3tica, con un car\u00e1cter suave pero profundamente sensual. Es una fragancia intimista y adictiva, que abraza la piel con una calidez delicada y un aura misteriosa, ideal para quienes buscan un aroma reconfortante, elegante y fuera de lo convencional.<\/p>\n","protected":false},"excerpt":{"rendered":"<p>Recuerda a Blanche B\u00eate de Les Lisquides Imaginaires<\/p>\n","protected":false},"featured_media":5238,"comment_status":"open","ping_status":"closed","template":"","meta":[],"product_brand":[],"product_cat":[1101],"product_tag":[],"class_list":{"0":"post-5245","1":"product","2":"type-product","3":"status-publish","4":"has-post-thumbnail","6":"product_cat-les-lisquides-imaginaires","8":"first","9":"instock","10":"shipping-taxable","11":"product-type-simple"},"_links":{"self":[{"href":"https:\/\/divainers.com\/hu\/wp-json\/wp\/v2\/product\/5245","targetHints":{"allow":["GET"]}}],"collection":[{"href":"https:\/\/divainers.com\/hu\/wp-json\/wp\/v2\/product"}],"about":[{"href":"https:\/\/divainers.com\/hu\/wp-json\/wp\/v2\/types\/product"}],"replies":[{"embeddable":true,"href":"https:\/\/divainers.com\/hu\/wp-json\/wp\/v2\/comments?post=5245"}],"wp:featuredmedia":[{"embeddable":true,"href":"https:\/\/divainers.com\/hu\/wp-json\/wp\/v2\/media\/5238"}],"wp:attachment":[{"href":"https:\/\/divainers.com\/hu\/wp-json\/wp\/v2\/media?parent=5245"}],"wp:term":[{"taxonomy":"product_brand","embeddable":true,"href":"https:\/\/divainers.com\/hu\/wp-json\/wp\/v2\/product_brand?post=5245"},{"taxonomy":"product_cat","embeddable":true,"href":"https:\/\/divainers.com\/hu\/wp-json\/wp\/v2\/product_cat?post=5245"},{"taxonomy":"product_tag","embeddable":true,"href":"https:\/\/divainers.com\/hu\/wp-json\/wp\/v2\/product_tag?post=5245"}],"curies":[{"name":"wp","href":"https:\/\/api.w.org\/{rel}","templated":true}]}}