{"id":7005,"date":"2025-01-31T08:31:48","date_gmt":"2025-01-31T07:31:48","guid":{"rendered":"https:\/\/divainers.com\/producto\/divain-205\/"},"modified":"2026-03-26T14:15:49","modified_gmt":"2026-03-26T13:15:49","slug":"divain-205","status":"publish","type":"product","link":"https:\/\/divainers.com\/hu\/producto\/divain-205\/","title":{"rendered":"divain.205"},"content":{"rendered":"<p><span data-sheets-root=\"1\">Egy \u00e9l\u00e9nk \u00e9s m\u00e1gneses illat, amely minden hangj\u00e1val magabiztoss\u00e1got \u00e9s fiatals\u00e1got sug\u00e1roz. Friss \u00e9s \u00f6szt\u00f6nz\u0151 nyit\u00e1ny citromot, narancsot \u00e9s kardamomot \u00f6tv\u00f6z, citrusos robban\u00e1st hozva l\u00e9tre, tele energi\u00e1val. A sz\u00edvben a levendula \u00e9s a rozmarin tiszta, f\u00e9rfias arom\u00e1s hangulatot hoz, m\u00edg a p\u00e9zsma, vetiver \u00e9s t\u00f6lgymoha fa alapja m\u00e9lys\u00e9get \u00e9s \u00e9rz\u00e9kis\u00e9get ad. T\u00f6k\u00e9letes azoknak, akik friss, mer\u00e9sz \u00e9s cs\u00e1b\u00edt\u00f3 illatot keresnek, ide\u00e1lis mindennapi haszn\u00e1latra vagy felejthetetlen benyom\u00e1s hagy\u00e1s\u00e1ra.   <\/span><\/p>\n","protected":false},"excerpt":{"rendered":"<p>Eml\u00e9kezz a Fierce-re az Abercrombie &amp; Fitch-t\u0151l<\/p>\n","protected":false},"featured_media":3374,"comment_status":"open","ping_status":"closed","template":"","meta":[],"product_brand":[],"product_cat":[1322],"product_tag":[1353],"class_list":{"0":"post-7005","1":"product","2":"type-product","3":"status-publish","4":"has-post-thumbnail","6":"product_cat-abercrombie-fitch","7":"product_tag-uomo","9":"first","10":"instock","11":"shipping-taxable","12":"product-type-simple"},"_links":{"self":[{"href":"https:\/\/divainers.com\/hu\/wp-json\/wp\/v2\/product\/7005","targetHints":{"allow":["GET"]}}],"collection":[{"href":"https:\/\/divainers.com\/hu\/wp-json\/wp\/v2\/product"}],"about":[{"href":"https:\/\/divainers.com\/hu\/wp-json\/wp\/v2\/types\/product"}],"replies":[{"embeddable":true,"href":"https:\/\/divainers.com\/hu\/wp-json\/wp\/v2\/comments?post=7005"}],"wp:featuredmedia":[{"embeddable":true,"href":"https:\/\/divainers.com\/hu\/wp-json\/wp\/v2\/media\/3374"}],"wp:attachment":[{"href":"https:\/\/divainers.com\/hu\/wp-json\/wp\/v2\/media?parent=7005"}],"wp:term":[{"taxonomy":"product_brand","embeddable":true,"href":"https:\/\/divainers.com\/hu\/wp-json\/wp\/v2\/product_brand?post=7005"},{"taxonomy":"product_cat","embeddable":true,"href":"https:\/\/divainers.com\/hu\/wp-json\/wp\/v2\/product_cat?post=7005"},{"taxonomy":"product_tag","embeddable":true,"href":"https:\/\/divainers.com\/hu\/wp-json\/wp\/v2\/product_tag?post=7005"}],"curies":[{"name":"wp","href":"https:\/\/api.w.org\/{rel}","templated":true}]}}