{"id":7044,"date":"2025-01-31T08:31:48","date_gmt":"2025-01-31T07:31:48","guid":{"rendered":"https:\/\/divainers.com\/producto\/divain-320\/"},"modified":"2026-04-30T09:43:07","modified_gmt":"2026-04-30T07:43:07","slug":"divain-320","status":"publish","type":"product","link":"https:\/\/divainers.com\/hu\/producto\/divain-320\/","title":{"rendered":"divain.320"},"content":{"rendered":"<p>Egy vibr\u00e1l\u00f3 \u00e9s f\u00e9rfias illat, amely friss \u00e9s gy\u00fcm\u00f6lcs\u00f6s nyit\u00e1nnyal rendelkezik a bergamott \u00e9s a z\u00f6ld alma j\u00f3volt\u00e1b\u00f3l, egy csipetnyi kardamom f\u0171szeress\u00e9g\u00e9vel kieg\u00e9sz\u00edtve. A sz\u00edvben a levendula \u00e9s a rozmaring arom\u00e1s jegyei tiszta \u00e9s modern karaktert k\u00f6lcs\u00f6n\u00f6znek, m\u00edg az alap melegebb\u00e9 \u00e9s k\u00f6r\u00fcl\u00f6lel\u0151v\u00e9 v\u00e1lik az \u00e1mberszalag, tonkabab \u00e9s m\u00e9ly f\u00e1s jegyek r\u00e9v\u00e9n, kiegyens\u00falyozott illatot teremtve a frissess\u00e9g \u00e9s az \u00e9rz\u00e9kis\u00e9g k\u00f6z\u00f6tt, ide\u00e1lis mindennapi viseletre.<\/p>\n","protected":false},"excerpt":{"rendered":"<p>Eml\u00e9keztet a First Instinct Blue-ra az Abercrombie &#038; Fitch-t\u0151l<\/p>\n","protected":false},"featured_media":7045,"comment_status":"open","ping_status":"closed","template":"","meta":[],"product_brand":[],"product_cat":[1327],"product_tag":[1363],"class_list":{"0":"post-7044","1":"product","2":"type-product","3":"status-publish","4":"has-post-thumbnail","6":"product_cat-abercrombie-fitch","7":"product_tag-mezczyzni","9":"first","10":"instock","11":"shipping-taxable","12":"product-type-simple"},"_links":{"self":[{"href":"https:\/\/divainers.com\/hu\/wp-json\/wp\/v2\/product\/7044","targetHints":{"allow":["GET"]}}],"collection":[{"href":"https:\/\/divainers.com\/hu\/wp-json\/wp\/v2\/product"}],"about":[{"href":"https:\/\/divainers.com\/hu\/wp-json\/wp\/v2\/types\/product"}],"replies":[{"embeddable":true,"href":"https:\/\/divainers.com\/hu\/wp-json\/wp\/v2\/comments?post=7044"}],"wp:featuredmedia":[{"embeddable":true,"href":"https:\/\/divainers.com\/hu\/wp-json\/wp\/v2\/media\/7045"}],"wp:attachment":[{"href":"https:\/\/divainers.com\/hu\/wp-json\/wp\/v2\/media?parent=7044"}],"wp:term":[{"taxonomy":"product_brand","embeddable":true,"href":"https:\/\/divainers.com\/hu\/wp-json\/wp\/v2\/product_brand?post=7044"},{"taxonomy":"product_cat","embeddable":true,"href":"https:\/\/divainers.com\/hu\/wp-json\/wp\/v2\/product_cat?post=7044"},{"taxonomy":"product_tag","embeddable":true,"href":"https:\/\/divainers.com\/hu\/wp-json\/wp\/v2\/product_tag?post=7044"}],"curies":[{"name":"wp","href":"https:\/\/api.w.org\/{rel}","templated":true}]}}