{"id":7067,"date":"2025-01-31T08:31:48","date_gmt":"2025-01-31T07:31:48","guid":{"rendered":"https:\/\/divainers.com\/producto\/divain-276\/"},"modified":"2026-04-30T09:43:15","modified_gmt":"2026-04-30T07:43:15","slug":"divain-276","status":"publish","type":"product","link":"https:\/\/divainers.com\/hu\/producto\/divain-276\/","title":{"rendered":"divain.276"},"content":{"rendered":"<p>Ez egy klasszikus \u00e9s kifinomult illat, amely frissess\u00e9g\u00e9vel \u00e9s id\u0151tlen eleganci\u00e1j\u00e1val t\u0171nik ki. Citrusos \u00e9s friss alapja van, fejillat\u00e1ban citrom, narancs \u00e9s bergamott tal\u00e1lhat\u00f3, amelyek \u00e9l\u00e9nk\u00edt\u0151 \u00e9rz\u00e9st ny\u00fajtanak. Sz\u00edv\u00e9ben levendula, j\u00e1zmin \u00e9s r\u00f3zsa vir\u00e1gos arom\u00e1i tal\u00e1lhat\u00f3k, amelyek egy csipetnyi kifinomults\u00e1got k\u00f6lcs\u00f6n\u00f6znek neki. A f\u00e1s alap vetiver, szant\u00e1lfa \u00e9s pacsuli jegyekkel m\u00e9lys\u00e9get \u00e9s tart\u00f3ss\u00e1got ad. Ide\u00e1lis annak a f\u00e9rfinak, aki \u00e9rt\u00e9keli a friss illatokat, de egy finom \u00f6sszetetts\u00e9ggel, amely eg\u00e9sz nap kitart.<\/p>\n","protected":false},"excerpt":{"rendered":"<p>Eml\u00e9keztet az Acqua Di Parma-ra az Acqua di Parma-t\u00f3l<\/p>\n","protected":false},"featured_media":7069,"comment_status":"open","ping_status":"closed","template":"","meta":[],"product_brand":[],"product_cat":[1381],"product_tag":[1405],"class_list":{"0":"post-7067","1":"product","2":"type-product","3":"status-publish","4":"has-post-thumbnail","6":"product_cat-acqua-di-parma","7":"product_tag-unisex","9":"first","10":"instock","11":"shipping-taxable","12":"product-type-simple"},"_links":{"self":[{"href":"https:\/\/divainers.com\/hu\/wp-json\/wp\/v2\/product\/7067","targetHints":{"allow":["GET"]}}],"collection":[{"href":"https:\/\/divainers.com\/hu\/wp-json\/wp\/v2\/product"}],"about":[{"href":"https:\/\/divainers.com\/hu\/wp-json\/wp\/v2\/types\/product"}],"replies":[{"embeddable":true,"href":"https:\/\/divainers.com\/hu\/wp-json\/wp\/v2\/comments?post=7067"}],"wp:featuredmedia":[{"embeddable":true,"href":"https:\/\/divainers.com\/hu\/wp-json\/wp\/v2\/media\/7069"}],"wp:attachment":[{"href":"https:\/\/divainers.com\/hu\/wp-json\/wp\/v2\/media?parent=7067"}],"wp:term":[{"taxonomy":"product_brand","embeddable":true,"href":"https:\/\/divainers.com\/hu\/wp-json\/wp\/v2\/product_brand?post=7067"},{"taxonomy":"product_cat","embeddable":true,"href":"https:\/\/divainers.com\/hu\/wp-json\/wp\/v2\/product_cat?post=7067"},{"taxonomy":"product_tag","embeddable":true,"href":"https:\/\/divainers.com\/hu\/wp-json\/wp\/v2\/product_tag?post=7067"}],"curies":[{"name":"wp","href":"https:\/\/api.w.org\/{rel}","templated":true}]}}