{"id":7154,"date":"2025-01-31T08:31:49","date_gmt":"2025-01-31T07:31:49","guid":{"rendered":"https:\/\/divainers.com\/producto\/divain-770\/"},"modified":"2026-04-30T09:43:41","modified_gmt":"2026-04-30T07:43:41","slug":"divain-770","status":"publish","type":"product","link":"https:\/\/divainers.com\/hu\/producto\/divain-770\/","title":{"rendered":"divain.770"},"content":{"rendered":"<p>Ez az uniszex illat citrusos \u00e9s f\u0171szeres jegyek kombin\u00e1ci\u00f3j\u00e1val ny\u00edlik, ahol a kalabriai bergamott \u00e9s a s\u00e1rga mandarin frissess\u00e9get hoz, m\u00edg a r\u00f3zsabors finom \u00e9s izgalmas \u00e9rint\u00e9st ad. A sz\u00edvben a cseresznyevir\u00e1g \u00e9s a sambac j\u00e1zmin fon\u00f3dik \u00f6ssze, megid\u00e9zve a jap\u00e1n vir\u00e1gz\u00f3 kertek nyugalm\u00e1t \u00e9s sz\u00e9ps\u00e9g\u00e9t. A p\u00e9zsm\u00e1s alap meleg \u00e9s \u00e9rz\u00e9ki l\u00e1gy\u00edt\u00e1st k\u00edn\u00e1l, meghosszabb\u00edtva az illat\u00e9lm\u00e9nyt a b\u0151r\u00f6n. Ez az illat megragadja a jap\u00e1n tavasz l\u00e9nyeg\u00e9t, minden haszn\u00e1latkor frissess\u00e9g \u00e9s elegancia \u00e9rzet\u00e9t ny\u00fajtva.<\/p>\n","protected":false},"excerpt":{"rendered":"<p>Eml\u00e9keztet a Sakura EDP-re az Acqua di Parma-t\u00f3l<\/p>\n","protected":false},"featured_media":7157,"comment_status":"open","ping_status":"closed","template":"","meta":[],"product_brand":[],"product_cat":[1385],"product_tag":[1387],"class_list":{"0":"post-7154","1":"product","2":"type-product","3":"status-publish","4":"has-post-thumbnail","6":"product_cat-acqua-di-parma","7":"product_tag-unisex","9":"first","10":"instock","11":"shipping-taxable","12":"product-type-simple"},"_links":{"self":[{"href":"https:\/\/divainers.com\/hu\/wp-json\/wp\/v2\/product\/7154","targetHints":{"allow":["GET"]}}],"collection":[{"href":"https:\/\/divainers.com\/hu\/wp-json\/wp\/v2\/product"}],"about":[{"href":"https:\/\/divainers.com\/hu\/wp-json\/wp\/v2\/types\/product"}],"replies":[{"embeddable":true,"href":"https:\/\/divainers.com\/hu\/wp-json\/wp\/v2\/comments?post=7154"}],"wp:featuredmedia":[{"embeddable":true,"href":"https:\/\/divainers.com\/hu\/wp-json\/wp\/v2\/media\/7157"}],"wp:attachment":[{"href":"https:\/\/divainers.com\/hu\/wp-json\/wp\/v2\/media?parent=7154"}],"wp:term":[{"taxonomy":"product_brand","embeddable":true,"href":"https:\/\/divainers.com\/hu\/wp-json\/wp\/v2\/product_brand?post=7154"},{"taxonomy":"product_cat","embeddable":true,"href":"https:\/\/divainers.com\/hu\/wp-json\/wp\/v2\/product_cat?post=7154"},{"taxonomy":"product_tag","embeddable":true,"href":"https:\/\/divainers.com\/hu\/wp-json\/wp\/v2\/product_tag?post=7154"}],"curies":[{"name":"wp","href":"https:\/\/api.w.org\/{rel}","templated":true}]}}