{"id":7191,"date":"2025-01-31T08:31:49","date_gmt":"2025-01-31T07:31:49","guid":{"rendered":"https:\/\/divainers.com\/producto\/divain-318\/"},"modified":"2026-04-30T09:43:54","modified_gmt":"2026-04-30T07:43:54","slug":"divain-318","status":"publish","type":"product","link":"https:\/\/divainers.com\/hu\/producto\/divain-318\/","title":{"rendered":"divain.318"},"content":{"rendered":"<p>Egy intenz\u00edv \u00e9s kifinomult illat, amely \u00f6tv\u00f6zi az oud m\u00e9lys\u00e9g\u00e9t az olasz citrusok eleganci\u00e1j\u00e1val. Friss \u00e9s ragyog\u00f3 nyit\u00e1nya f\u0171szeres, f\u00e1s sz\u00edvbe vezet, ahol az oud balsamikus \u00e9s meleg jegyekkel fon\u00f3dik \u00f6ssze. Az alap gazdag \u00e9s k\u00f6r\u00fcl\u00f6lel\u0151, b\u0151r \u00e9s gyanta \u00e9rint\u00e9sekkel, amelyek kifinomult luxus \u00e9rzet\u00e9t keltik. T\u00f6k\u00e9letes azoknak, akik karakteres \u00e9s eleg\u00e1ns illatot keresnek.<\/p>\n","protected":false},"excerpt":{"rendered":"<p>Eml\u00e9keztet az Oud Eau de Cologne Concentr\u00e9e de Acqua di Parma illatra<\/p>\n","protected":false},"featured_media":7194,"comment_status":"open","ping_status":"closed","template":"","meta":[],"product_brand":[],"product_cat":[1385],"product_tag":[1372],"class_list":{"0":"post-7191","1":"product","2":"type-product","3":"status-publish","4":"has-post-thumbnail","6":"product_cat-acqua-di-parma","7":"product_tag-ferfiak","9":"first","10":"instock","11":"shipping-taxable","12":"product-type-simple"},"_links":{"self":[{"href":"https:\/\/divainers.com\/hu\/wp-json\/wp\/v2\/product\/7191","targetHints":{"allow":["GET"]}}],"collection":[{"href":"https:\/\/divainers.com\/hu\/wp-json\/wp\/v2\/product"}],"about":[{"href":"https:\/\/divainers.com\/hu\/wp-json\/wp\/v2\/types\/product"}],"replies":[{"embeddable":true,"href":"https:\/\/divainers.com\/hu\/wp-json\/wp\/v2\/comments?post=7191"}],"wp:featuredmedia":[{"embeddable":true,"href":"https:\/\/divainers.com\/hu\/wp-json\/wp\/v2\/media\/7194"}],"wp:attachment":[{"href":"https:\/\/divainers.com\/hu\/wp-json\/wp\/v2\/media?parent=7191"}],"wp:term":[{"taxonomy":"product_brand","embeddable":true,"href":"https:\/\/divainers.com\/hu\/wp-json\/wp\/v2\/product_brand?post=7191"},{"taxonomy":"product_cat","embeddable":true,"href":"https:\/\/divainers.com\/hu\/wp-json\/wp\/v2\/product_cat?post=7191"},{"taxonomy":"product_tag","embeddable":true,"href":"https:\/\/divainers.com\/hu\/wp-json\/wp\/v2\/product_tag?post=7191"}],"curies":[{"name":"wp","href":"https:\/\/api.w.org\/{rel}","templated":true}]}}