{"id":7260,"date":"2025-01-31T08:31:49","date_gmt":"2025-01-31T07:31:49","guid":{"rendered":"https:\/\/divainers.com\/producto\/divain-281\/"},"modified":"2026-04-30T09:44:09","modified_gmt":"2026-04-30T07:44:09","slug":"divain-281","status":"publish","type":"product","link":"https:\/\/divainers.com\/hu\/producto\/divain-281\/","title":{"rendered":"divain.281"},"content":{"rendered":"<p>Ez egy m\u00e9ly \u00e9s kifinomult illat, amely intenz\u00edv oud jelenl\u00e9t\u00e9vel t\u0171nik ki, egy \u00e9rt\u00e9kes gyant\u00e1val, amely meleg, f\u00f6ldes \u00e9s f\u00e1s illat\u00e1r\u00f3l ismert. Az illat friss \u00e9s f\u0171szeres jegyekkel ny\u00edlik, amelyeket az oud er\u0151s karaktere eg\u00e9sz\u00edt ki, mely a sz\u00edvben egy csipetnyi r\u00f3zs\u00e1val \u00e9s s\u00e1fr\u00e1nyvir\u00e1ggal fon\u00f3dik \u00f6ssze. Az alapjegyek k\u00f6z\u00f6tt b\u0151r, c\u00e9drusfa \u00e9s p\u00e9zsma tal\u00e1lhat\u00f3, melyek meleg \u00e9s k\u00f6r\u00fcl\u00f6lel\u0151 alapot adnak. Ez a parf\u00fcm a luxust, az eleganci\u00e1t \u00e9s az exkluzivit\u00e1st id\u00e9zi, ide\u00e1lis k\u00fcl\u00f6nleges alkalmakra \u00e9s azoknak, akik egy jellegzetes \u00e9s tart\u00f3s illatot keresnek.<\/p>\n","protected":false},"excerpt":{"rendered":"<p>Eml\u00e9keztet az Oud-ra az Acqua di Parma-t\u00f3l<\/p>\n","protected":false},"featured_media":7261,"comment_status":"open","ping_status":"closed","template":"","meta":[],"product_brand":[],"product_cat":[1401],"product_tag":[1358],"class_list":{"0":"post-7260","1":"product","2":"type-product","3":"status-publish","4":"has-post-thumbnail","6":"product_cat-acqua-di-parma","7":"product_tag-mannen","9":"first","10":"instock","11":"shipping-taxable","12":"product-type-simple"},"_links":{"self":[{"href":"https:\/\/divainers.com\/hu\/wp-json\/wp\/v2\/product\/7260","targetHints":{"allow":["GET"]}}],"collection":[{"href":"https:\/\/divainers.com\/hu\/wp-json\/wp\/v2\/product"}],"about":[{"href":"https:\/\/divainers.com\/hu\/wp-json\/wp\/v2\/types\/product"}],"replies":[{"embeddable":true,"href":"https:\/\/divainers.com\/hu\/wp-json\/wp\/v2\/comments?post=7260"}],"wp:featuredmedia":[{"embeddable":true,"href":"https:\/\/divainers.com\/hu\/wp-json\/wp\/v2\/media\/7261"}],"wp:attachment":[{"href":"https:\/\/divainers.com\/hu\/wp-json\/wp\/v2\/media?parent=7260"}],"wp:term":[{"taxonomy":"product_brand","embeddable":true,"href":"https:\/\/divainers.com\/hu\/wp-json\/wp\/v2\/product_brand?post=7260"},{"taxonomy":"product_cat","embeddable":true,"href":"https:\/\/divainers.com\/hu\/wp-json\/wp\/v2\/product_cat?post=7260"},{"taxonomy":"product_tag","embeddable":true,"href":"https:\/\/divainers.com\/hu\/wp-json\/wp\/v2\/product_tag?post=7260"}],"curies":[{"name":"wp","href":"https:\/\/api.w.org\/{rel}","templated":true}]}}