{"id":7355,"date":"2025-01-31T08:31:50","date_gmt":"2025-01-31T07:31:50","guid":{"rendered":"https:\/\/divainers.com\/producto\/divain-086\/"},"modified":"2026-04-30T09:44:51","modified_gmt":"2026-04-30T07:44:51","slug":"divain-086","status":"publish","type":"product","link":"https:\/\/divainers.com\/hu\/producto\/divain-086\/","title":{"rendered":"divain.086"},"content":{"rendered":"<p>Egy finom \u00e9s id\u0151tlen illat, amely megragadja a r\u00f3zs\u00e1k frissess\u00e9g\u00e9t \u00e9s term\u00e9szetes eleganci\u00e1j\u00e1t a legteljesebb form\u00e1ban. A ragyog\u00f3 citrusos \u00e9s z\u00f6ld levelekkel ny\u00edl\u00f3 kezd\u00e9s friss\u00edt\u0151 \u00e9s k\u00f6nnyed \u00e9rz\u00e9st ad. A sz\u00edvben a bolg\u00e1r r\u00f3zsa \u00e9s a gy\u00f6ngyvir\u00e1g \u00f6leli k\u00f6rbe az illatot tiszta \u00e9s kifinomult n\u0151iess\u00e9ggel. Az alapban a p\u00e9zsma \u00e9s a szant\u00e1lfa l\u00e1gy \u00e9s k\u00f6r\u00fcl\u00f6lel\u0151 nyomot hagy, t\u00f6k\u00e9letes a romantikus, nyugodt n\u0151 sz\u00e1m\u00e1ra, aki term\u00e9szetes b\u00e1j\u00e1val maradand\u00f3 benyom\u00e1st kelt.<\/p>\n","protected":false},"excerpt":{"rendered":"<p>Eml\u00e9keztet az Agua fresca de rosas de Adolfo Dominguez illatra<\/p>\n","protected":false},"featured_media":7358,"comment_status":"open","ping_status":"closed","template":"","meta":[],"product_brand":[],"product_cat":[1453],"product_tag":[1454],"class_list":{"0":"post-7355","1":"product","2":"type-product","3":"status-publish","4":"has-post-thumbnail","6":"product_cat-adolfo-dominguez","7":"product_tag-nok","9":"first","10":"instock","11":"shipping-taxable","12":"product-type-simple"},"_links":{"self":[{"href":"https:\/\/divainers.com\/hu\/wp-json\/wp\/v2\/product\/7355","targetHints":{"allow":["GET"]}}],"collection":[{"href":"https:\/\/divainers.com\/hu\/wp-json\/wp\/v2\/product"}],"about":[{"href":"https:\/\/divainers.com\/hu\/wp-json\/wp\/v2\/types\/product"}],"replies":[{"embeddable":true,"href":"https:\/\/divainers.com\/hu\/wp-json\/wp\/v2\/comments?post=7355"}],"wp:featuredmedia":[{"embeddable":true,"href":"https:\/\/divainers.com\/hu\/wp-json\/wp\/v2\/media\/7358"}],"wp:attachment":[{"href":"https:\/\/divainers.com\/hu\/wp-json\/wp\/v2\/media?parent=7355"}],"wp:term":[{"taxonomy":"product_brand","embeddable":true,"href":"https:\/\/divainers.com\/hu\/wp-json\/wp\/v2\/product_brand?post=7355"},{"taxonomy":"product_cat","embeddable":true,"href":"https:\/\/divainers.com\/hu\/wp-json\/wp\/v2\/product_cat?post=7355"},{"taxonomy":"product_tag","embeddable":true,"href":"https:\/\/divainers.com\/hu\/wp-json\/wp\/v2\/product_tag?post=7355"}],"curies":[{"name":"wp","href":"https:\/\/api.w.org\/{rel}","templated":true}]}}