{"id":7375,"date":"2025-01-31T08:31:50","date_gmt":"2025-01-31T07:31:50","guid":{"rendered":"https:\/\/divainers.com\/producto\/divain-049\/"},"modified":"2026-04-30T09:44:55","modified_gmt":"2026-04-30T07:44:55","slug":"divain-049","status":"publish","type":"product","link":"https:\/\/divainers.com\/hu\/producto\/divain-049\/","title":{"rendered":"divain.049"},"content":{"rendered":"<p>Egy friss \u00e9s term\u00e9szetes illat, amely a term\u00e9szet nyugalm\u00e1t \u00e9s egyens\u00faly\u00e1t id\u00e9zi. \u00c9l\u00e9nk citrusos \u00e9s z\u00f6ld jegyekkel nyit, amelyek k\u00f6nnyed \u00e9s friss\u00edt\u0151 \u00e9rz\u00e9st keltenek, m\u00edg az arom\u00e1s bambusz \u00e9s l\u00e1gy f\u0171szerek sz\u00edve egzotikus \u00e9s kifinomult \u00e9rint\u00e9st ad. Az alapban a c\u00e9drus, az \u00e1mbra \u00e9s a p\u00e9zsma meleg \u00e9s k\u00f6r\u00fcl\u00f6lel\u0151 nyomot hagynak, t\u00f6k\u00e9letes a f\u00e9rfinak, aki frissess\u00e9get, eleganci\u00e1t \u00e9s harm\u00f3ni\u00e1t keres mindennapjaiban.<\/p>\n","protected":false},"excerpt":{"rendered":"<p>Eml\u00e9keztet a Bamb\u00fara az Adolfo Dominguez-t\u0151l<\/p>\n","protected":false},"featured_media":7378,"comment_status":"open","ping_status":"closed","template":"","meta":[],"product_brand":[],"product_cat":[1453],"product_tag":[1372],"class_list":{"0":"post-7375","1":"product","2":"type-product","3":"status-publish","4":"has-post-thumbnail","6":"product_cat-adolfo-dominguez","7":"product_tag-ferfiak","9":"first","10":"instock","11":"shipping-taxable","12":"product-type-simple"},"_links":{"self":[{"href":"https:\/\/divainers.com\/hu\/wp-json\/wp\/v2\/product\/7375","targetHints":{"allow":["GET"]}}],"collection":[{"href":"https:\/\/divainers.com\/hu\/wp-json\/wp\/v2\/product"}],"about":[{"href":"https:\/\/divainers.com\/hu\/wp-json\/wp\/v2\/types\/product"}],"replies":[{"embeddable":true,"href":"https:\/\/divainers.com\/hu\/wp-json\/wp\/v2\/comments?post=7375"}],"wp:featuredmedia":[{"embeddable":true,"href":"https:\/\/divainers.com\/hu\/wp-json\/wp\/v2\/media\/7378"}],"wp:attachment":[{"href":"https:\/\/divainers.com\/hu\/wp-json\/wp\/v2\/media?parent=7375"}],"wp:term":[{"taxonomy":"product_brand","embeddable":true,"href":"https:\/\/divainers.com\/hu\/wp-json\/wp\/v2\/product_brand?post=7375"},{"taxonomy":"product_cat","embeddable":true,"href":"https:\/\/divainers.com\/hu\/wp-json\/wp\/v2\/product_cat?post=7375"},{"taxonomy":"product_tag","embeddable":true,"href":"https:\/\/divainers.com\/hu\/wp-json\/wp\/v2\/product_tag?post=7375"}],"curies":[{"name":"wp","href":"https:\/\/api.w.org\/{rel}","templated":true}]}}