{"id":7391,"date":"2025-01-31T08:31:50","date_gmt":"2025-01-31T07:31:50","guid":{"rendered":"https:\/\/divainers.com\/producto\/divain-031\/"},"modified":"2026-04-30T09:45:07","modified_gmt":"2026-04-30T07:45:07","slug":"divain-031","status":"publish","type":"product","link":"https:\/\/divainers.com\/hu\/producto\/divain-031\/","title":{"rendered":"divain.031"},"content":{"rendered":"<p>Egy term\u00e9szetes \u00e9s friss\u00edt\u0151 illat, amely a term\u00e9szet tiszta frissess\u00e9g\u00e9t id\u00e9zi fel. A bergamott \u00e9s mandarin citrusos fejillata egy arom\u00e1s sz\u00edvvel keveredik, melyet rozmaring, levendula \u00e9s koriander alkot, tiszta \u00e9s energiz\u00e1l\u00f3 \u00e9rz\u00e9st keltve. Az alapban t\u00f6lgymoha, vetiver \u00e9s szant\u00e1lfa m\u00e9lys\u00e9get \u00e9s eleganci\u00e1t adnak, k\u00f6nnyed, m\u00e9gis kifinomult nyomot hagyva. T\u00f6k\u00e9letes azoknak, akik friss, kiegyens\u00falyozott \u00e9s id\u0151tlen illatot keresnek.<\/p>\n","protected":false},"excerpt":{"rendered":"<p>Eml\u00e9keztet az Agua Fresca-ra az Adolfo Dominguezt\u0151l<\/p>\n","protected":false},"featured_media":7392,"comment_status":"open","ping_status":"closed","template":"","meta":[],"product_brand":[],"product_cat":[1421],"product_tag":[1358],"class_list":{"0":"post-7391","1":"product","2":"type-product","3":"status-publish","4":"has-post-thumbnail","6":"product_cat-adolfo-dominguez","7":"product_tag-mannen","9":"first","10":"instock","11":"shipping-taxable","12":"product-type-simple"},"_links":{"self":[{"href":"https:\/\/divainers.com\/hu\/wp-json\/wp\/v2\/product\/7391","targetHints":{"allow":["GET"]}}],"collection":[{"href":"https:\/\/divainers.com\/hu\/wp-json\/wp\/v2\/product"}],"about":[{"href":"https:\/\/divainers.com\/hu\/wp-json\/wp\/v2\/types\/product"}],"replies":[{"embeddable":true,"href":"https:\/\/divainers.com\/hu\/wp-json\/wp\/v2\/comments?post=7391"}],"wp:featuredmedia":[{"embeddable":true,"href":"https:\/\/divainers.com\/hu\/wp-json\/wp\/v2\/media\/7392"}],"wp:attachment":[{"href":"https:\/\/divainers.com\/hu\/wp-json\/wp\/v2\/media?parent=7391"}],"wp:term":[{"taxonomy":"product_brand","embeddable":true,"href":"https:\/\/divainers.com\/hu\/wp-json\/wp\/v2\/product_brand?post=7391"},{"taxonomy":"product_cat","embeddable":true,"href":"https:\/\/divainers.com\/hu\/wp-json\/wp\/v2\/product_cat?post=7391"},{"taxonomy":"product_tag","embeddable":true,"href":"https:\/\/divainers.com\/hu\/wp-json\/wp\/v2\/product_tag?post=7391"}],"curies":[{"name":"wp","href":"https:\/\/api.w.org\/{rel}","templated":true}]}}