{"id":7414,"date":"2025-08-01T12:00:08","date_gmt":"2025-08-01T10:00:08","guid":{"rendered":"https:\/\/divainers.com\/producto\/divain-1057\/"},"modified":"2026-03-31T08:41:08","modified_gmt":"2026-03-31T06:41:08","slug":"divain-1057","status":"publish","type":"product","link":"https:\/\/divainers.com\/hu\/producto\/divain-1057\/","title":{"rendered":"divain.1057"},"content":{"rendered":"<p>K\u00e9pzelj el egy intenz\u00edv \u00e9s kifinomult illatot, amely titokzatot \u00e9s jellemet sug\u00e1roz, t\u00f6k\u00e9letes azoknak, akik minden l\u00e9p\u00e9sn\u00e9l m\u00e9ly \u00e9s m\u00e1gneses nyomot szeretn\u00e9nek hagyni.<\/p>\n","protected":false},"excerpt":{"rendered":"<p>Eml\u00e9kezz az Al-Jazeera parf\u00fcm\u00f6ire Onyxra<\/p>\n","protected":false},"featured_media":7416,"comment_status":"open","ping_status":"closed","template":"","meta":[],"product_brand":[],"product_cat":[1466],"product_tag":[],"class_list":{"0":"post-7414","1":"product","2":"type-product","3":"status-publish","4":"has-post-thumbnail","6":"product_cat-al-jazeera-parfumok","8":"first","9":"instock","10":"shipping-taxable","11":"product-type-simple"},"_links":{"self":[{"href":"https:\/\/divainers.com\/hu\/wp-json\/wp\/v2\/product\/7414","targetHints":{"allow":["GET"]}}],"collection":[{"href":"https:\/\/divainers.com\/hu\/wp-json\/wp\/v2\/product"}],"about":[{"href":"https:\/\/divainers.com\/hu\/wp-json\/wp\/v2\/types\/product"}],"replies":[{"embeddable":true,"href":"https:\/\/divainers.com\/hu\/wp-json\/wp\/v2\/comments?post=7414"}],"wp:featuredmedia":[{"embeddable":true,"href":"https:\/\/divainers.com\/hu\/wp-json\/wp\/v2\/media\/7416"}],"wp:attachment":[{"href":"https:\/\/divainers.com\/hu\/wp-json\/wp\/v2\/media?parent=7414"}],"wp:term":[{"taxonomy":"product_brand","embeddable":true,"href":"https:\/\/divainers.com\/hu\/wp-json\/wp\/v2\/product_brand?post=7414"},{"taxonomy":"product_cat","embeddable":true,"href":"https:\/\/divainers.com\/hu\/wp-json\/wp\/v2\/product_cat?post=7414"},{"taxonomy":"product_tag","embeddable":true,"href":"https:\/\/divainers.com\/hu\/wp-json\/wp\/v2\/product_tag?post=7414"}],"curies":[{"name":"wp","href":"https:\/\/api.w.org\/{rel}","templated":true}]}}