{"id":7638,"date":"2025-01-31T08:32:01","date_gmt":"2025-01-31T07:32:01","guid":{"rendered":"https:\/\/divainers.com\/producto\/divain-003\/"},"modified":"2026-04-30T09:47:07","modified_gmt":"2026-04-30T07:47:07","slug":"divain-003","status":"publish","type":"product","link":"https:\/\/divainers.com\/hu\/producto\/divain-003\/","title":{"rendered":"divain.003"},"content":{"rendered":"<p>K\u00e9pzelj el egy \u00e9rz\u00e9ki utaz\u00e1st, ahol az id\u0151tlen elegancia tal\u00e1lkozik a kalanddal. Ez az illat \u00f6tv\u00f6zi a b\u0151r \u00e9s a van\u00edlia melegs\u00e9g\u00e9t a s\u00e1fr\u00e1ny \u00e9s a szerecsendi\u00f3 f\u0171szeres vonzerej\u00e9vel. Egy friss citrusos \u00e9rint\u00e9s fon\u00f3dik \u00f6ssze nemes f\u00e1k sz\u00edv\u00e9vel \u00e9s egy k\u00f6r\u00fcl\u00f6lel\u0151 alapjeggyel, amelyben borosty\u00e1n \u00e9s vetiver domin\u00e1l, \u00edgy egy kifinomult, f\u00e9rfias \u00e9s cs\u00e1b\u00edt\u00f3 illatot alkotva. T\u00f6k\u00e9letes azoknak, akik minden esszenci\u00e1ban a megk\u00fcl\u00f6nb\u00f6ztethet\u0151s\u00e9get \u00e9s a karaktert keresik.<\/p>\n","protected":false},"excerpt":{"rendered":"<p>Eml\u00e9keztet a CH Men-re a Carolina Herrer\u00e1t\u00f3l<\/p>\n","protected":false},"featured_media":7635,"comment_status":"open","ping_status":"closed","template":"","meta":[],"product_brand":[],"product_cat":[1535],"product_tag":[1372],"class_list":{"0":"post-7638","1":"product","2":"type-product","3":"status-publish","4":"has-post-thumbnail","6":"product_cat-carolina-herrera","7":"product_tag-ferfiak","9":"first","10":"instock","11":"shipping-taxable","12":"product-type-simple"},"_links":{"self":[{"href":"https:\/\/divainers.com\/hu\/wp-json\/wp\/v2\/product\/7638","targetHints":{"allow":["GET"]}}],"collection":[{"href":"https:\/\/divainers.com\/hu\/wp-json\/wp\/v2\/product"}],"about":[{"href":"https:\/\/divainers.com\/hu\/wp-json\/wp\/v2\/types\/product"}],"replies":[{"embeddable":true,"href":"https:\/\/divainers.com\/hu\/wp-json\/wp\/v2\/comments?post=7638"}],"wp:featuredmedia":[{"embeddable":true,"href":"https:\/\/divainers.com\/hu\/wp-json\/wp\/v2\/media\/7635"}],"wp:attachment":[{"href":"https:\/\/divainers.com\/hu\/wp-json\/wp\/v2\/media?parent=7638"}],"wp:term":[{"taxonomy":"product_brand","embeddable":true,"href":"https:\/\/divainers.com\/hu\/wp-json\/wp\/v2\/product_brand?post=7638"},{"taxonomy":"product_cat","embeddable":true,"href":"https:\/\/divainers.com\/hu\/wp-json\/wp\/v2\/product_cat?post=7638"},{"taxonomy":"product_tag","embeddable":true,"href":"https:\/\/divainers.com\/hu\/wp-json\/wp\/v2\/product_tag?post=7638"}],"curies":[{"name":"wp","href":"https:\/\/api.w.org\/{rel}","templated":true}]}}