{"id":7679,"date":"2025-01-31T08:32:01","date_gmt":"2025-01-31T07:32:01","guid":{"rendered":"https:\/\/divainers.com\/producto\/divain-004\/"},"modified":"2026-04-30T09:47:19","modified_gmt":"2026-04-30T07:47:19","slug":"divain-004","status":"publish","type":"product","link":"https:\/\/divainers.com\/hu\/producto\/divain-004\/","title":{"rendered":"divain.004"},"content":{"rendered":"<p>A frissess\u00e9g \u00e9s dinamizmus robban\u00e1sa, amely a v\u00e1ros vibr\u00e1l\u00f3 energi\u00e1j\u00e1t id\u00e9zi. Ez az illat \u00e9l\u00e9nk\u00edt\u0151 citrusos jegyeket \u00f6tv\u00f6z egy f\u0171szeres sz\u00edvvel, melyben bors \u00e9s gy\u00f6mb\u00e9r domin\u00e1l, \u00edgy egy kifinomult \u00e9s modern kontrasztot teremtve. F\u00e1s alapjegye, melyben p\u00e9zsma \u00e9s szant\u00e1lfa \u00e9rint\u00e9sek tal\u00e1lhat\u00f3k, m\u00e9lys\u00e9get \u00e9s vonzer\u0151t k\u00f6lcs\u00f6n\u00f6z, eleg\u00e1ns \u00e9s cs\u00e1b\u00edt\u00f3 nyomot hagyva maga ut\u00e1n. Ide\u00e1lis a kozmopolita, magabiztos \u00e9s egyedi st\u00edlus\u00fa f\u00e9rfi sz\u00e1m\u00e1ra.<\/p>\n","protected":false},"excerpt":{"rendered":"<p>Eml\u00e9keztet a 212 Men-re a Carolina Herrera-t\u00f3l<\/p>\n","protected":false},"featured_media":7678,"comment_status":"open","ping_status":"closed","template":"","meta":[],"product_brand":[],"product_cat":[1535],"product_tag":[1372],"class_list":{"0":"post-7679","1":"product","2":"type-product","3":"status-publish","4":"has-post-thumbnail","6":"product_cat-carolina-herrera","7":"product_tag-ferfiak","9":"first","10":"instock","11":"shipping-taxable","12":"product-type-simple"},"_links":{"self":[{"href":"https:\/\/divainers.com\/hu\/wp-json\/wp\/v2\/product\/7679","targetHints":{"allow":["GET"]}}],"collection":[{"href":"https:\/\/divainers.com\/hu\/wp-json\/wp\/v2\/product"}],"about":[{"href":"https:\/\/divainers.com\/hu\/wp-json\/wp\/v2\/types\/product"}],"replies":[{"embeddable":true,"href":"https:\/\/divainers.com\/hu\/wp-json\/wp\/v2\/comments?post=7679"}],"wp:featuredmedia":[{"embeddable":true,"href":"https:\/\/divainers.com\/hu\/wp-json\/wp\/v2\/media\/7678"}],"wp:attachment":[{"href":"https:\/\/divainers.com\/hu\/wp-json\/wp\/v2\/media?parent=7679"}],"wp:term":[{"taxonomy":"product_brand","embeddable":true,"href":"https:\/\/divainers.com\/hu\/wp-json\/wp\/v2\/product_brand?post=7679"},{"taxonomy":"product_cat","embeddable":true,"href":"https:\/\/divainers.com\/hu\/wp-json\/wp\/v2\/product_cat?post=7679"},{"taxonomy":"product_tag","embeddable":true,"href":"https:\/\/divainers.com\/hu\/wp-json\/wp\/v2\/product_tag?post=7679"}],"curies":[{"name":"wp","href":"https:\/\/api.w.org\/{rel}","templated":true}]}}