{"id":7850,"date":"2025-01-31T08:31:51","date_gmt":"2025-01-31T07:31:51","guid":{"rendered":"https:\/\/divainers.com\/producto\/divain-153\/"},"modified":"2026-04-30T09:48:11","modified_gmt":"2026-04-30T07:48:11","slug":"divain-153","status":"publish","type":"product","link":"https:\/\/divainers.com\/hu\/producto\/divain-153\/","title":{"rendered":"divain.153"},"content":{"rendered":"<p>Egy eleg\u00e1ns \u00e9s id\u0151tlen illat, amely kifinomult frissess\u00e9g\u00e9vel \u00e9s finom n\u0151iess\u00e9g\u00e9vel \u00f6leli k\u00f6r\u00fcl az \u00e9rz\u00e9keket. A bergamott \u00e9s mandarin citrusos nyit\u00e1nya vil\u00e1gos \u00e9s \u00e9l\u00e9nk \u00e9rz\u00e9st ad. A sz\u00edvben egy kifinomult fr\u00e9zia, gy\u00f6ngyvir\u00e1g \u00e9s j\u00e1zmin csokor bontakozik ki, tiszta \u00e9s finoman cs\u00e1b\u00edt\u00f3 vir\u00e1gos esszenci\u00e1val. Az alapban a feh\u00e9r p\u00e9zsma, az \u00e1mbra \u00e9s a szant\u00e1lfa l\u00e1gy, meleg \u00e9s k\u00f6r\u00fcl\u00f6lel\u0151 nyomot hagy, t\u00f6k\u00e9letes a kifinomult, term\u00e9szetes n\u0151 sz\u00e1m\u00e1ra, aki diszkr\u00e9t, m\u00e9gis felejthetetlen b\u00e1jt hordoz.<\/p>\n","protected":false},"excerpt":{"rendered":"<p>Eml\u00e9keztet az Angel Schlesser Femme-re az Angel Schlesser-t\u0151l<\/p>\n","protected":false},"featured_media":7847,"comment_status":"open","ping_status":"closed","template":"","meta":[],"product_brand":[],"product_cat":[1582],"product_tag":[1454],"class_list":{"0":"post-7850","1":"product","2":"type-product","3":"status-publish","4":"has-post-thumbnail","6":"product_cat-angel-schlesser","7":"product_tag-nok","9":"first","10":"instock","11":"shipping-taxable","12":"product-type-simple"},"_links":{"self":[{"href":"https:\/\/divainers.com\/hu\/wp-json\/wp\/v2\/product\/7850","targetHints":{"allow":["GET"]}}],"collection":[{"href":"https:\/\/divainers.com\/hu\/wp-json\/wp\/v2\/product"}],"about":[{"href":"https:\/\/divainers.com\/hu\/wp-json\/wp\/v2\/types\/product"}],"replies":[{"embeddable":true,"href":"https:\/\/divainers.com\/hu\/wp-json\/wp\/v2\/comments?post=7850"}],"wp:featuredmedia":[{"embeddable":true,"href":"https:\/\/divainers.com\/hu\/wp-json\/wp\/v2\/media\/7847"}],"wp:attachment":[{"href":"https:\/\/divainers.com\/hu\/wp-json\/wp\/v2\/media?parent=7850"}],"wp:term":[{"taxonomy":"product_brand","embeddable":true,"href":"https:\/\/divainers.com\/hu\/wp-json\/wp\/v2\/product_brand?post=7850"},{"taxonomy":"product_cat","embeddable":true,"href":"https:\/\/divainers.com\/hu\/wp-json\/wp\/v2\/product_cat?post=7850"},{"taxonomy":"product_tag","embeddable":true,"href":"https:\/\/divainers.com\/hu\/wp-json\/wp\/v2\/product_tag?post=7850"}],"curies":[{"name":"wp","href":"https:\/\/api.w.org\/{rel}","templated":true}]}}