{"id":7890,"date":"2025-01-31T08:31:51","date_gmt":"2025-01-31T07:31:51","guid":{"rendered":"https:\/\/divainers.com\/producto\/divain-948\/"},"modified":"2026-04-30T09:48:26","modified_gmt":"2026-04-30T07:48:26","slug":"divain-948","status":"publish","type":"product","link":"https:\/\/divainers.com\/hu\/producto\/divain-948\/","title":{"rendered":"divain.948"},"content":{"rendered":"<p>Egy l\u00e1gy \u00e9s k\u00f6r\u00fcl\u00f6lel\u0151 illat, amely a k\u00f6nnyeds\u00e9g \u00e9s a nyugalom \u00e9rzet\u00e9t id\u00e9zi, mintha egy meleg napon a felh\u0151k k\u00f6z\u00f6tt lebegn\u00e9l. M\u00e1r az elej\u00e9t\u0151l a levendula \u00e9s a k\u00f6rte gy\u00fcm\u00f6lcs\u00f6s jegyei frissess\u00e9get hoznak, amelyet egy kr\u00e9mes k\u00f3kuszos \u00e9rint\u00e9s l\u00e1gy\u00edt, k\u00f6nnyed \u00e9s nyugtat\u00f3 \u00e9dess\u00e9get adva. Ahogy az illat kibontakozik, a j\u00e1zmin \u00e9s a gy\u00f6ngyvir\u00e1g vir\u00e1gos jegyei finom \u00e9s n\u0151ies eleganci\u00e1t k\u00f6lcs\u00f6n\u00f6znek, l\u00e9trehozva egy \u00e9teri puhas\u00e1got, amely k\u00f6r\u00fcl\u00f6leli a b\u0151rt. Az alapot a p\u00e9zsma \u00e9s a karamell jellemzi, meleg \u00e9s megnyugtat\u00f3 alapot adva, amely \u00f6sszeolvad a k\u00f6nnyedebb jegyekkel, \u00e9s olyan nyomot hagy, amely egyszerre k\u00f6r\u00fcl\u00f6lel\u0151 \u00e9s megnyugtat\u00f3. Ez az illat t\u00f6k\u00e9letes azok sz\u00e1m\u00e1ra, akik l\u00e1gy, \u00e9des \u00e9s nyugodt illat\u00e9lm\u00e9nyre v\u00e1gynak, ide\u00e1lis a mindennapokra, nyugalom \u00e9s frissess\u00e9g \u00e9rzet\u00e9t k\u00f6zvet\u00edtve.<\/p>\n","protected":false},"excerpt":{"rendered":"<p>Eml\u00e9keztet a Cloud-ra az Ariana Grande-t\u0151l<\/p>\n","protected":false},"featured_media":7889,"comment_status":"open","ping_status":"closed","template":"","meta":[],"product_brand":[],"product_cat":[1602],"product_tag":[1454],"class_list":{"0":"post-7890","1":"product","2":"type-product","3":"status-publish","4":"has-post-thumbnail","6":"product_cat-ariana-grande","7":"product_tag-nok","9":"first","10":"instock","11":"shipping-taxable","12":"product-type-simple"},"_links":{"self":[{"href":"https:\/\/divainers.com\/hu\/wp-json\/wp\/v2\/product\/7890","targetHints":{"allow":["GET"]}}],"collection":[{"href":"https:\/\/divainers.com\/hu\/wp-json\/wp\/v2\/product"}],"about":[{"href":"https:\/\/divainers.com\/hu\/wp-json\/wp\/v2\/types\/product"}],"replies":[{"embeddable":true,"href":"https:\/\/divainers.com\/hu\/wp-json\/wp\/v2\/comments?post=7890"}],"wp:featuredmedia":[{"embeddable":true,"href":"https:\/\/divainers.com\/hu\/wp-json\/wp\/v2\/media\/7889"}],"wp:attachment":[{"href":"https:\/\/divainers.com\/hu\/wp-json\/wp\/v2\/media?parent=7890"}],"wp:term":[{"taxonomy":"product_brand","embeddable":true,"href":"https:\/\/divainers.com\/hu\/wp-json\/wp\/v2\/product_brand?post=7890"},{"taxonomy":"product_cat","embeddable":true,"href":"https:\/\/divainers.com\/hu\/wp-json\/wp\/v2\/product_cat?post=7890"},{"taxonomy":"product_tag","embeddable":true,"href":"https:\/\/divainers.com\/hu\/wp-json\/wp\/v2\/product_tag?post=7890"}],"curies":[{"name":"wp","href":"https:\/\/api.w.org\/{rel}","templated":true}]}}