{"id":7933,"date":"2025-01-31T08:31:51","date_gmt":"2025-01-31T07:31:51","guid":{"rendered":"https:\/\/divainers.com\/producto\/divain-457\/"},"modified":"2026-04-30T09:48:43","modified_gmt":"2026-04-30T07:48:43","slug":"divain-457","status":"publish","type":"product","link":"https:\/\/divainers.com\/hu\/producto\/divain-457\/","title":{"rendered":"divain.457"},"content":{"rendered":"<p>Egy mer\u00e9sz \u00e9s m\u00e1gneses illat, amely minden jegy\u00e9ben eleganci\u00e1t \u00e9s karaktert sug\u00e1roz. A nyit\u00e1ny \u00e9l\u00e9nk \u00e9s citrusos, citrom, anan\u00e1sz \u00e9s bergamot robban\u00e1s\u00e1val, amely intenz\u00edv frissess\u00e9ggel \u00e9breszti fel az \u00e9rz\u00e9keket. A sz\u00edvben a ny\u00edrfa \u00e9s a j\u00e1zmin m\u00e9lys\u00e9get \u00e9s egy kifinomult f\u00fcst\u00f6s \u00e9rint\u00e9st adnak, el\u0151id\u00e9zve egy kifinomult \u00e9s magabiztos f\u00e9rfiass\u00e1got. V\u00e9g\u00fcl egy burkol\u00f3z\u00f3 alap sz\u00fcrke borosty\u00e1nb\u00f3l, p\u00e9zsm\u00e1b\u00f3l \u00e9s pacsulib\u00f3l tart\u00f3s, cs\u00e1b\u00edt\u00f3 \u00e9s er\u0151teljes nyomot hagy. Egy impoz\u00e1ns \u00e9s kifinomult parf\u00fcm, ide\u00e1lis azok sz\u00e1m\u00e1ra, akik intenz\u00edv, sokoldal\u00fa \u00e9s megk\u00fcl\u00f6nb\u00f6ztethet\u0151 jelenl\u00e9tet keresnek.<\/p>\n","protected":false},"excerpt":{"rendered":"<p>Eml\u00e9keztet a Club de Nuit Intense Man de Armaf illatra<\/p>\n","protected":false},"featured_media":7931,"comment_status":"open","ping_status":"closed","template":"","meta":[],"product_brand":[],"product_cat":[1624],"product_tag":[1372],"class_list":{"0":"post-7933","1":"product","2":"type-product","3":"status-publish","4":"has-post-thumbnail","6":"product_cat-armaf","7":"product_tag-ferfiak","9":"first","10":"instock","11":"shipping-taxable","12":"product-type-simple"},"_links":{"self":[{"href":"https:\/\/divainers.com\/hu\/wp-json\/wp\/v2\/product\/7933","targetHints":{"allow":["GET"]}}],"collection":[{"href":"https:\/\/divainers.com\/hu\/wp-json\/wp\/v2\/product"}],"about":[{"href":"https:\/\/divainers.com\/hu\/wp-json\/wp\/v2\/types\/product"}],"replies":[{"embeddable":true,"href":"https:\/\/divainers.com\/hu\/wp-json\/wp\/v2\/comments?post=7933"}],"wp:featuredmedia":[{"embeddable":true,"href":"https:\/\/divainers.com\/hu\/wp-json\/wp\/v2\/media\/7931"}],"wp:attachment":[{"href":"https:\/\/divainers.com\/hu\/wp-json\/wp\/v2\/media?parent=7933"}],"wp:term":[{"taxonomy":"product_brand","embeddable":true,"href":"https:\/\/divainers.com\/hu\/wp-json\/wp\/v2\/product_brand?post=7933"},{"taxonomy":"product_cat","embeddable":true,"href":"https:\/\/divainers.com\/hu\/wp-json\/wp\/v2\/product_cat?post=7933"},{"taxonomy":"product_tag","embeddable":true,"href":"https:\/\/divainers.com\/hu\/wp-json\/wp\/v2\/product_tag?post=7933"}],"curies":[{"name":"wp","href":"https:\/\/api.w.org\/{rel}","templated":true}]}}