{"id":7975,"date":"2025-01-31T08:31:51","date_gmt":"2025-01-31T07:31:51","guid":{"rendered":"https:\/\/divainers.com\/producto\/divain-890\/"},"modified":"2026-04-30T09:49:00","modified_gmt":"2026-04-30T07:49:00","slug":"divain-890","status":"publish","type":"product","link":"https:\/\/divainers.com\/hu\/producto\/divain-890\/","title":{"rendered":"divain.890"},"content":{"rendered":"<p>K\u00e9pzelj el egy illatot, amely meleg \u00e9s egzotikus l\u00e9gk\u00f6rbe burkol, ahol az \u00e9des \u00e9s f\u0171szeres jegyek \u00f6sszefon\u00f3dnak \u00e9rt\u00e9kes f\u00e1k \u00e9s van\u00edlia arom\u00e1j\u00e1val. Ez az esszencia egy l\u00e9d\u00fas szilva \u00e9s egy csipetnyi fah\u00e9j nyit\u00e1nnyal kezd\u0151dik, amely f\u0171szeres \u00e9dess\u00e9get k\u00f6lcs\u00f6n\u00f6z. A sz\u00edvben a heliotr\u00f3p \u00e9s a datolya l\u00e1gy vir\u00e1gos \u00e9s gy\u00fcm\u00f6lcs\u00f6s \u00e9rint\u00e9st ad, m\u00edg a pacsuli f\u00f6ldes m\u00e9lys\u00e9get k\u00f6lcs\u00f6n\u00f6z. A guajakfa, szant\u00e1lfa \u00e9s van\u00edlia alap meleg \u00e9s megnyugtat\u00f3 nyomot hagy, amely az keleti kereskedelmi \u00fatvonalak gazdags\u00e1g\u00e1t id\u00e9zi. Ez az \u00f6sszet\u00e9tel t\u00f6k\u00e9letes harm\u00f3ni\u00e1ban \u00f6tv\u00f6zi az \u00e9des, f\u0171szeres \u00e9s f\u00e1s jegyeket.<\/p>\n","protected":false},"excerpt":{"rendered":"<p>Eml\u00e9keztet a Rouge Sar\u00e2y-ra az Atelier des Ors-t\u00f3l<\/p>\n","protected":false},"featured_media":7972,"comment_status":"open","ping_status":"closed","template":"","meta":[],"product_brand":[],"product_cat":[1645],"product_tag":[1387],"class_list":{"0":"post-7975","1":"product","2":"type-product","3":"status-publish","4":"has-post-thumbnail","6":"product_cat-atelier-des-ors","7":"product_tag-unisex","9":"first","10":"instock","11":"shipping-taxable","12":"product-type-simple"},"_links":{"self":[{"href":"https:\/\/divainers.com\/hu\/wp-json\/wp\/v2\/product\/7975","targetHints":{"allow":["GET"]}}],"collection":[{"href":"https:\/\/divainers.com\/hu\/wp-json\/wp\/v2\/product"}],"about":[{"href":"https:\/\/divainers.com\/hu\/wp-json\/wp\/v2\/types\/product"}],"replies":[{"embeddable":true,"href":"https:\/\/divainers.com\/hu\/wp-json\/wp\/v2\/comments?post=7975"}],"wp:featuredmedia":[{"embeddable":true,"href":"https:\/\/divainers.com\/hu\/wp-json\/wp\/v2\/media\/7972"}],"wp:attachment":[{"href":"https:\/\/divainers.com\/hu\/wp-json\/wp\/v2\/media?parent=7975"}],"wp:term":[{"taxonomy":"product_brand","embeddable":true,"href":"https:\/\/divainers.com\/hu\/wp-json\/wp\/v2\/product_brand?post=7975"},{"taxonomy":"product_cat","embeddable":true,"href":"https:\/\/divainers.com\/hu\/wp-json\/wp\/v2\/product_cat?post=7975"},{"taxonomy":"product_tag","embeddable":true,"href":"https:\/\/divainers.com\/hu\/wp-json\/wp\/v2\/product_tag?post=7975"}],"curies":[{"name":"wp","href":"https:\/\/api.w.org\/{rel}","templated":true}]}}