{"id":8058,"date":"2025-01-31T08:31:52","date_gmt":"2025-01-31T07:31:52","guid":{"rendered":"https:\/\/divainers.com\/producto\/divain-240\/"},"modified":"2026-04-30T09:49:23","modified_gmt":"2026-04-30T07:49:23","slug":"divain-240","status":"publish","type":"product","link":"https:\/\/divainers.com\/hu\/producto\/divain-240\/","title":{"rendered":"divain.240"},"content":{"rendered":"<p>Egy vibr\u00e1l\u00f3 \u00e9s mer\u00e9sz illat, amely az extrovert\u00e1lt \u00e9s energikus f\u00e9rfi sz\u00e1m\u00e1ra k\u00e9sz\u00fclt. A nyit\u00e1nyban egy frissess\u00e9g- \u00e9s f\u0171szerrobban\u00e1s citrom, gy\u00f6mb\u00e9r \u00e9s menta jegyekkel \u00e9breszti az \u00e9rz\u00e9keket \u00e9s dinamik\u00e1t k\u00f6lcs\u00f6n\u00f6z. Az illat sz\u00edv\u00e9t egy meleg \u00e9s arom\u00e1s levendul\u00e1s \u00e9rint\u00e9s t\u00f6lti meg, amelyet fah\u00e9j \u00e9s kardamom eg\u00e9sz\u00edt ki, egyens\u00falyt teremtve a l\u00e1gy \u00e9s intenz\u00edv jegyek k\u00f6z\u00f6tt. Az alapban a tonkabab, a szant\u00e1lfa \u00e9s a b\u0151r f\u00e1s \u00e9s balzsamoss jegyei burkolj\u00e1k be a b\u0151rt kifinomults\u00e1g \u00e9s szenved\u00e9lyess\u00e9g nyom\u00e1val. K\u00fcl\u00f6nleges alkalmakra ide\u00e1lis illat, amely a b\u00e1tors\u00e1got \u00e9s magabiztoss\u00e1got t\u00fckr\u00f6zi, t\u00f6k\u00e9letes azoknak, akik felejthetetlen jelenl\u00e9ttel szeretn\u00e9nek kit\u0171nni.<\/p>\n","protected":false},"excerpt":{"rendered":"<p>Eml\u00e9keztet az Azzaro Wanted-re az Azzaro-t\u00f3l<\/p>\n","protected":false},"featured_media":8057,"comment_status":"open","ping_status":"closed","template":"","meta":[],"product_brand":[],"product_cat":[1686],"product_tag":[1372],"class_list":{"0":"post-8058","1":"product","2":"type-product","3":"status-publish","4":"has-post-thumbnail","6":"product_cat-azzaro","7":"product_tag-ferfiak","9":"first","10":"instock","11":"shipping-taxable","12":"product-type-simple"},"_links":{"self":[{"href":"https:\/\/divainers.com\/hu\/wp-json\/wp\/v2\/product\/8058","targetHints":{"allow":["GET"]}}],"collection":[{"href":"https:\/\/divainers.com\/hu\/wp-json\/wp\/v2\/product"}],"about":[{"href":"https:\/\/divainers.com\/hu\/wp-json\/wp\/v2\/types\/product"}],"replies":[{"embeddable":true,"href":"https:\/\/divainers.com\/hu\/wp-json\/wp\/v2\/comments?post=8058"}],"wp:featuredmedia":[{"embeddable":true,"href":"https:\/\/divainers.com\/hu\/wp-json\/wp\/v2\/media\/8057"}],"wp:attachment":[{"href":"https:\/\/divainers.com\/hu\/wp-json\/wp\/v2\/media?parent=8058"}],"wp:term":[{"taxonomy":"product_brand","embeddable":true,"href":"https:\/\/divainers.com\/hu\/wp-json\/wp\/v2\/product_brand?post=8058"},{"taxonomy":"product_cat","embeddable":true,"href":"https:\/\/divainers.com\/hu\/wp-json\/wp\/v2\/product_cat?post=8058"},{"taxonomy":"product_tag","embeddable":true,"href":"https:\/\/divainers.com\/hu\/wp-json\/wp\/v2\/product_tag?post=8058"}],"curies":[{"name":"wp","href":"https:\/\/api.w.org\/{rel}","templated":true}]}}