{"id":8143,"date":"2025-01-31T08:31:53","date_gmt":"2025-01-31T07:31:53","guid":{"rendered":"https:\/\/divainers.com\/producto\/divain-412\/"},"modified":"2026-04-30T09:49:43","modified_gmt":"2026-04-30T07:49:43","slug":"divain-412","status":"publish","type":"product","link":"https:\/\/divainers.com\/hu\/producto\/divain-412\/","title":{"rendered":"divain.412"},"content":{"rendered":"<p>Egy gazdag \u00e9s f\u00fcgg\u0151s\u00e9get okoz\u00f3 illat, amely \u00f6tv\u00f6zi a doh\u00e1ny f\u0171szeres meleg\u00e9t a r\u00f3zsa b\u00e1rsonyos \u00e9rz\u00e9kis\u00e9g\u00e9vel. M\u00e1r az els\u0151 pillanatt\u00f3l kezdve a f\u0171szeres \u00e9s \u00e9des jegyek k\u00f6r\u00fcl\u00f6lelik az \u00e9rz\u00e9keket, intenz\u00edv \u00e9s mag\u00e1val ragad\u00f3 \u00e9lm\u00e9nyt teremtve. A sz\u00edvben a r\u00f3zsa m\u00e9ly \u00e9s enyh\u00e9n s\u00f6t\u00e9t karakterrel bontakozik ki, amelyet borosty\u00e1nos \u00e9s gyant\u00e1s \u00e1rnyalatok k\u00eds\u00e9rnek, kiemelve gazdags\u00e1g\u00e1t. Az alap s\u0171r\u0171 \u00e9s cs\u00e1b\u00edt\u00f3, kaka\u00f3-, p\u00e9zsma- \u00e9s kr\u00e9mes fa akkordokkal, amelyek kifinomult \u00e9s tart\u00f3s nyomot hagynak. Ide\u00e1lis azoknak, akik mer\u00e9sz, eleg\u00e1ns \u00e9s karakteres illatot keresnek.<\/p>\n","protected":false},"excerpt":{"rendered":"<p>Eml\u00e9keztet a Tabac Rose-ra a BDK Parfums-t\u00f3l<\/p>\n","protected":false},"featured_media":8140,"comment_status":"open","ping_status":"closed","template":"","meta":[],"product_brand":[],"product_cat":[1729],"product_tag":[1387],"class_list":{"0":"post-8143","1":"product","2":"type-product","3":"status-publish","4":"has-post-thumbnail","6":"product_cat-bdk-parfums","7":"product_tag-unisex","9":"first","10":"instock","11":"shipping-taxable","12":"product-type-simple"},"_links":{"self":[{"href":"https:\/\/divainers.com\/hu\/wp-json\/wp\/v2\/product\/8143","targetHints":{"allow":["GET"]}}],"collection":[{"href":"https:\/\/divainers.com\/hu\/wp-json\/wp\/v2\/product"}],"about":[{"href":"https:\/\/divainers.com\/hu\/wp-json\/wp\/v2\/types\/product"}],"replies":[{"embeddable":true,"href":"https:\/\/divainers.com\/hu\/wp-json\/wp\/v2\/comments?post=8143"}],"wp:featuredmedia":[{"embeddable":true,"href":"https:\/\/divainers.com\/hu\/wp-json\/wp\/v2\/media\/8140"}],"wp:attachment":[{"href":"https:\/\/divainers.com\/hu\/wp-json\/wp\/v2\/media?parent=8143"}],"wp:term":[{"taxonomy":"product_brand","embeddable":true,"href":"https:\/\/divainers.com\/hu\/wp-json\/wp\/v2\/product_brand?post=8143"},{"taxonomy":"product_cat","embeddable":true,"href":"https:\/\/divainers.com\/hu\/wp-json\/wp\/v2\/product_cat?post=8143"},{"taxonomy":"product_tag","embeddable":true,"href":"https:\/\/divainers.com\/hu\/wp-json\/wp\/v2\/product_tag?post=8143"}],"curies":[{"name":"wp","href":"https:\/\/api.w.org\/{rel}","templated":true}]}}