{"id":8190,"date":"2025-01-31T08:33:36","date_gmt":"2025-01-31T07:33:36","guid":{"rendered":"https:\/\/divainers.com\/producto\/divain-077\/"},"modified":"2026-04-30T09:49:54","modified_gmt":"2026-04-30T07:49:54","slug":"divain-077","status":"publish","type":"product","link":"https:\/\/divainers.com\/hu\/producto\/divain-077\/","title":{"rendered":"divain.077"},"content":{"rendered":"<p>Egy fiatalos \u00e9s vibr\u00e1l\u00f3 illat, amely minden jegy\u00e9ben megragadja az \u00f6r\u00f6m\u00f6t \u00e9s a spontaneit\u00e1st. Csillog\u00f3 nyit\u00e1nya \u0151szibarackkal, s\u00e1rgabarackkal \u00e9s feketeribizlivel gy\u00fcm\u00f6lcs\u00f6s \u00e9s ragyog\u00f3 \u00e9dess\u00e9get k\u00f6lcs\u00f6n\u00f6z. A sz\u00edvben a fr\u00e9zia, az ibolya \u00e9s a gy\u00f6ngyvir\u00e1g l\u00e1gy \u00e9s romantikus n\u0151iess\u00e9ggel \u00f6lelik k\u00f6r\u00fcl az illatot. Az alapban a szant\u00e1lfa, a van\u00edlia \u00e9s a p\u00e9zsma meleg \u00e9s h\u00edvogat\u00f3 nyomot alkotnak, t\u00f6k\u00e9letes a vid\u00e1m, szabad szellem\u0171, energi\u00e1val teli n\u0151 sz\u00e1m\u00e1ra.<\/p>\n","protected":false},"excerpt":{"rendered":"<p>Eml\u00e9keztet a Red Jeans-re a Versace-t\u00f3l<\/p>\n","protected":false},"featured_media":8183,"comment_status":"open","ping_status":"closed","template":"","meta":[],"product_brand":[],"product_cat":[1752],"product_tag":[1454],"class_list":{"0":"post-8190","1":"product","2":"type-product","3":"status-publish","4":"has-post-thumbnail","6":"product_cat-versace","7":"product_tag-nok","9":"first","10":"instock","11":"shipping-taxable","12":"product-type-simple"},"_links":{"self":[{"href":"https:\/\/divainers.com\/hu\/wp-json\/wp\/v2\/product\/8190","targetHints":{"allow":["GET"]}}],"collection":[{"href":"https:\/\/divainers.com\/hu\/wp-json\/wp\/v2\/product"}],"about":[{"href":"https:\/\/divainers.com\/hu\/wp-json\/wp\/v2\/types\/product"}],"replies":[{"embeddable":true,"href":"https:\/\/divainers.com\/hu\/wp-json\/wp\/v2\/comments?post=8190"}],"wp:featuredmedia":[{"embeddable":true,"href":"https:\/\/divainers.com\/hu\/wp-json\/wp\/v2\/media\/8183"}],"wp:attachment":[{"href":"https:\/\/divainers.com\/hu\/wp-json\/wp\/v2\/media?parent=8190"}],"wp:term":[{"taxonomy":"product_brand","embeddable":true,"href":"https:\/\/divainers.com\/hu\/wp-json\/wp\/v2\/product_brand?post=8190"},{"taxonomy":"product_cat","embeddable":true,"href":"https:\/\/divainers.com\/hu\/wp-json\/wp\/v2\/product_cat?post=8190"},{"taxonomy":"product_tag","embeddable":true,"href":"https:\/\/divainers.com\/hu\/wp-json\/wp\/v2\/product_tag?post=8190"}],"curies":[{"name":"wp","href":"https:\/\/api.w.org\/{rel}","templated":true}]}}