{"id":8229,"date":"2025-01-31T08:31:53","date_gmt":"2025-01-31T07:31:53","guid":{"rendered":"https:\/\/divainers.com\/producto\/divain-447\/"},"modified":"2026-04-30T09:50:02","modified_gmt":"2026-04-30T07:50:02","slug":"divain-447","status":"publish","type":"product","link":"https:\/\/divainers.com\/hu\/producto\/divain-447\/","title":{"rendered":"divain.447"},"content":{"rendered":"<p>Egy fens\u00e9ges \u00e9s er\u0151teljes illat, amely magabiztoss\u00e1got \u00e9s kifinomults\u00e1got sug\u00e1roz minden jegy\u00e9ben. A nyit\u00e1ny \u00e9l\u00e9nk \u00e9s f\u0171szeres, bergamott \u00e9s bors robban\u00e1s\u00e1val, amely energi\u00e1val \u00e9s eleganci\u00e1val \u00e9breszti az \u00e9rz\u00e9keket. Sz\u00edv\u00e9ben az \u00e1mbra \u00e9s a levendula nemes f\u00e1kkal olvad \u00f6ssze, m\u00e9lys\u00e9get \u00e9s megk\u00fcl\u00f6nb\u00f6ztetett l\u00e9gk\u00f6rt k\u00f6lcs\u00f6n\u00f6zve. V\u00e9g\u00fcl egy meleg alapjegy van\u00edli\u00e1val, p\u00e9zsm\u00e1val \u00e9s ouddal burkol\u00f3z\u00f3, intenz\u00edv \u00e9s cs\u00e1b\u00edt\u00f3 nyomot hagy. Egy mer\u00e9sz \u00e9s m\u00e1gneses parf\u00fcm, t\u00f6k\u00e9letes azoknak, akik karakteres, jelenl\u00e9v\u0151 \u00e9s leny\u0171g\u00f6z\u0151 eleganci\u00e1j\u00fa illatot keresnek.<\/p>\n","protected":false},"excerpt":{"rendered":"<p>Eml\u00e9keztet a Kingre a Bharara m\u00e1rk\u00e1t\u00f3l<\/p>\n","protected":false},"featured_media":8225,"comment_status":"open","ping_status":"closed","template":"","meta":[],"product_brand":[],"product_cat":[1771],"product_tag":[1372],"class_list":{"0":"post-8229","1":"product","2":"type-product","3":"status-publish","4":"has-post-thumbnail","6":"product_cat-bharara","7":"product_tag-ferfiak","9":"first","10":"instock","11":"shipping-taxable","12":"product-type-simple"},"_links":{"self":[{"href":"https:\/\/divainers.com\/hu\/wp-json\/wp\/v2\/product\/8229","targetHints":{"allow":["GET"]}}],"collection":[{"href":"https:\/\/divainers.com\/hu\/wp-json\/wp\/v2\/product"}],"about":[{"href":"https:\/\/divainers.com\/hu\/wp-json\/wp\/v2\/types\/product"}],"replies":[{"embeddable":true,"href":"https:\/\/divainers.com\/hu\/wp-json\/wp\/v2\/comments?post=8229"}],"wp:featuredmedia":[{"embeddable":true,"href":"https:\/\/divainers.com\/hu\/wp-json\/wp\/v2\/media\/8225"}],"wp:attachment":[{"href":"https:\/\/divainers.com\/hu\/wp-json\/wp\/v2\/media?parent=8229"}],"wp:term":[{"taxonomy":"product_brand","embeddable":true,"href":"https:\/\/divainers.com\/hu\/wp-json\/wp\/v2\/product_brand?post=8229"},{"taxonomy":"product_cat","embeddable":true,"href":"https:\/\/divainers.com\/hu\/wp-json\/wp\/v2\/product_cat?post=8229"},{"taxonomy":"product_tag","embeddable":true,"href":"https:\/\/divainers.com\/hu\/wp-json\/wp\/v2\/product_tag?post=8229"}],"curies":[{"name":"wp","href":"https:\/\/api.w.org\/{rel}","templated":true}]}}