{"id":8353,"date":"2025-01-31T08:31:53","date_gmt":"2025-01-31T07:31:53","guid":{"rendered":"https:\/\/divainers.com\/producto\/divain-452\/"},"modified":"2026-04-30T09:50:48","modified_gmt":"2026-04-30T07:50:48","slug":"divain-452","status":"publish","type":"product","link":"https:\/\/divainers.com\/hu\/producto\/divain-452\/","title":{"rendered":"divain.452"},"content":{"rendered":"<p>Egy vibr\u00e1l\u00f3 \u00e9s kifinomult illat, amely megragadja a v\u00e1ros dinamikus energi\u00e1j\u00e1t egy csipetnyi frissess\u00e9ggel \u00e9s ellen\u00e1llhatatlan melegs\u00e9ggel. A nyit\u00e1ny vil\u00e1gos \u00e9s l\u00e9d\u00fas, feketeribizli \u00e9s \u00e1fonya robban\u00e1s\u00e1val, amelyet egy z\u00f6ldes \u00e9s f\u0171szeres jegy emel ki, \u00e9bresztve az \u00e9rz\u00e9keket. A sz\u00edvben az ibolya \u00e9s a fah\u00e9j jegyei m\u00e9lys\u00e9get \u00e9s kifinomults\u00e1got adnak, m\u00edg az alapot borosty\u00e1n, van\u00edlia \u00e9s nemes f\u00e1k alkotj\u00e1k, melyek kr\u00e9mes, burkol\u00f3 \u00e9s cs\u00e1b\u00edt\u00f3 nyomot hagynak a b\u0151r\u00f6n. Egy modern \u00e9s sokoldal\u00fa parf\u00fcm, ide\u00e1lis azoknak, akik egyedi, kifinomult \u00e9s felismerhet\u0151 jelenl\u00e9t\u0171 illatot keresnek.<\/p>\n","protected":false},"excerpt":{"rendered":"<p>Eml\u00e9keztet a Bleecker Street-re a Bond No 9-t\u0151l<\/p>\n","protected":false},"featured_media":8351,"comment_status":"open","ping_status":"closed","template":"","meta":[],"product_brand":[],"product_cat":[1833],"product_tag":[1387],"class_list":{"0":"post-8353","1":"product","2":"type-product","3":"status-publish","4":"has-post-thumbnail","6":"product_cat-bond-no-9","7":"product_tag-unisex","9":"first","10":"instock","11":"shipping-taxable","12":"product-type-simple"},"_links":{"self":[{"href":"https:\/\/divainers.com\/hu\/wp-json\/wp\/v2\/product\/8353","targetHints":{"allow":["GET"]}}],"collection":[{"href":"https:\/\/divainers.com\/hu\/wp-json\/wp\/v2\/product"}],"about":[{"href":"https:\/\/divainers.com\/hu\/wp-json\/wp\/v2\/types\/product"}],"replies":[{"embeddable":true,"href":"https:\/\/divainers.com\/hu\/wp-json\/wp\/v2\/comments?post=8353"}],"wp:featuredmedia":[{"embeddable":true,"href":"https:\/\/divainers.com\/hu\/wp-json\/wp\/v2\/media\/8351"}],"wp:attachment":[{"href":"https:\/\/divainers.com\/hu\/wp-json\/wp\/v2\/media?parent=8353"}],"wp:term":[{"taxonomy":"product_brand","embeddable":true,"href":"https:\/\/divainers.com\/hu\/wp-json\/wp\/v2\/product_brand?post=8353"},{"taxonomy":"product_cat","embeddable":true,"href":"https:\/\/divainers.com\/hu\/wp-json\/wp\/v2\/product_cat?post=8353"},{"taxonomy":"product_tag","embeddable":true,"href":"https:\/\/divainers.com\/hu\/wp-json\/wp\/v2\/product_tag?post=8353"}],"curies":[{"name":"wp","href":"https:\/\/api.w.org\/{rel}","templated":true}]}}