{"id":8393,"date":"2025-01-31T08:31:53","date_gmt":"2025-01-31T07:31:53","guid":{"rendered":"https:\/\/divainers.com\/producto\/divain-823\/"},"modified":"2026-04-30T09:50:58","modified_gmt":"2026-04-30T07:50:58","slug":"divain-823","status":"publish","type":"product","link":"https:\/\/divainers.com\/hu\/producto\/divain-823\/","title":{"rendered":"divain.823"},"content":{"rendered":"<p>Ez az uniszex illat a vir\u00e1gos chypre arom\u00e1j\u00e1r\u00f3l ismert, ahol a r\u00f3zsabors \u00e9s a bergamott jegyei egy Sambac j\u00e1zmin sz\u00edv fel\u00e9 vezetnek. Az alapban a b\u0151r, a t\u00f6lgymoha \u00e9s a pacsuli m\u00e9lys\u00e9get \u00e9s kifinomults\u00e1got k\u00f6lcs\u00f6n\u00f6znek. Ide\u00e1lis azoknak, akik olyan esszenci\u00e1t keresnek, amely az eleganci\u00e1t \u00e9s az \u00e9rz\u00e9kis\u00e9get \u00f6tv\u00f6zi b\u00e1rmilyen alkalomra.<\/p>\n","protected":false},"excerpt":{"rendered":"<p>Eml\u00e9keztet a Bottega Veneta-ra a Bottega Veneta-t\u00f3l<\/p>\n","protected":false},"featured_media":8392,"comment_status":"open","ping_status":"closed","template":"","meta":[],"product_brand":[],"product_cat":[1853],"product_tag":[1454],"class_list":{"0":"post-8393","1":"product","2":"type-product","3":"status-publish","4":"has-post-thumbnail","6":"product_cat-bottega-veneta","7":"product_tag-nok","9":"first","10":"instock","11":"shipping-taxable","12":"product-type-simple"},"_links":{"self":[{"href":"https:\/\/divainers.com\/hu\/wp-json\/wp\/v2\/product\/8393","targetHints":{"allow":["GET"]}}],"collection":[{"href":"https:\/\/divainers.com\/hu\/wp-json\/wp\/v2\/product"}],"about":[{"href":"https:\/\/divainers.com\/hu\/wp-json\/wp\/v2\/types\/product"}],"replies":[{"embeddable":true,"href":"https:\/\/divainers.com\/hu\/wp-json\/wp\/v2\/comments?post=8393"}],"wp:featuredmedia":[{"embeddable":true,"href":"https:\/\/divainers.com\/hu\/wp-json\/wp\/v2\/media\/8392"}],"wp:attachment":[{"href":"https:\/\/divainers.com\/hu\/wp-json\/wp\/v2\/media?parent=8393"}],"wp:term":[{"taxonomy":"product_brand","embeddable":true,"href":"https:\/\/divainers.com\/hu\/wp-json\/wp\/v2\/product_brand?post=8393"},{"taxonomy":"product_cat","embeddable":true,"href":"https:\/\/divainers.com\/hu\/wp-json\/wp\/v2\/product_cat?post=8393"},{"taxonomy":"product_tag","embeddable":true,"href":"https:\/\/divainers.com\/hu\/wp-json\/wp\/v2\/product_tag?post=8393"}],"curies":[{"name":"wp","href":"https:\/\/api.w.org\/{rel}","templated":true}]}}