{"id":8439,"date":"2025-01-31T08:31:53","date_gmt":"2025-01-31T07:31:53","guid":{"rendered":"https:\/\/divainers.com\/producto\/divain-518\/"},"modified":"2026-04-30T09:51:11","modified_gmt":"2026-04-30T07:51:11","slug":"divain-518","status":"publish","type":"product","link":"https:\/\/divainers.com\/hu\/producto\/divain-518\/","title":{"rendered":"divain.518"},"content":{"rendered":"<p>Egy egzotikus \u00e9s mag\u00e1val ragad\u00f3 illat, amely egy melegs\u00e9ggel \u00e9s kifinomults\u00e1ggal teli \u00e9rz\u00e9ki utaz\u00e1sra rep\u00edt. M\u00e1r az els\u0151 pillanatt\u00f3l a fah\u00e9j \u00e9s a bergamott f\u0171szeres \u00e9dess\u00e9ge \u00e9breszti az \u00e9rz\u00e9keket meleg \u00e9s ragyog\u00f3 rezg\u00e9ssel. Sz\u00edv\u00e9ben egy eleg\u00e1ns j\u00e1zmin- \u00e9s r\u00f3zsak\u00f6tet olvad \u00f6ssze ylang-ylang jegyekkel, gazdag \u00e9s cs\u00e1b\u00edt\u00f3 n\u0151iess\u00e9get k\u00f6lcs\u00f6n\u00f6zve. V\u00e9g\u00fcl a van\u00edlia, benzoin \u00e9s borosty\u00e1n alap kr\u00e9mes, k\u00f6r\u00fcl\u00f6lel\u0151 \u00e9s m\u00e9lyen szenzu\u00e1lis nyomot hagy. Egy luxus \u00e9s m\u00e1gneses parf\u00fcm, ide\u00e1lis azok sz\u00e1m\u00e1ra, akik keleti, meleg \u00e9s kifinomult, felejthetetlen karakter\u0171 illatot keresnek.<\/p>\n","protected":false},"excerpt":{"rendered":"<p>Eml\u00e9keztet a Jaipurra a Boucheront\u00f3l<\/p>\n","protected":false},"featured_media":8434,"comment_status":"open","ping_status":"closed","template":"","meta":[],"product_brand":[],"product_cat":[1876],"product_tag":[1454],"class_list":{"0":"post-8439","1":"product","2":"type-product","3":"status-publish","4":"has-post-thumbnail","6":"product_cat-boucheron","7":"product_tag-nok","9":"first","10":"instock","11":"shipping-taxable","12":"product-type-simple"},"_links":{"self":[{"href":"https:\/\/divainers.com\/hu\/wp-json\/wp\/v2\/product\/8439","targetHints":{"allow":["GET"]}}],"collection":[{"href":"https:\/\/divainers.com\/hu\/wp-json\/wp\/v2\/product"}],"about":[{"href":"https:\/\/divainers.com\/hu\/wp-json\/wp\/v2\/types\/product"}],"replies":[{"embeddable":true,"href":"https:\/\/divainers.com\/hu\/wp-json\/wp\/v2\/comments?post=8439"}],"wp:featuredmedia":[{"embeddable":true,"href":"https:\/\/divainers.com\/hu\/wp-json\/wp\/v2\/media\/8434"}],"wp:attachment":[{"href":"https:\/\/divainers.com\/hu\/wp-json\/wp\/v2\/media?parent=8439"}],"wp:term":[{"taxonomy":"product_brand","embeddable":true,"href":"https:\/\/divainers.com\/hu\/wp-json\/wp\/v2\/product_brand?post=8439"},{"taxonomy":"product_cat","embeddable":true,"href":"https:\/\/divainers.com\/hu\/wp-json\/wp\/v2\/product_cat?post=8439"},{"taxonomy":"product_tag","embeddable":true,"href":"https:\/\/divainers.com\/hu\/wp-json\/wp\/v2\/product_tag?post=8439"}],"curies":[{"name":"wp","href":"https:\/\/api.w.org\/{rel}","templated":true}]}}