{"id":8481,"date":"2025-01-31T08:31:54","date_gmt":"2025-01-31T07:31:54","guid":{"rendered":"https:\/\/divainers.com\/producto\/divain-060\/"},"modified":"2026-04-30T09:51:23","modified_gmt":"2026-04-30T07:51:23","slug":"divain-060","status":"publish","type":"product","link":"https:\/\/divainers.com\/hu\/producto\/divain-060\/","title":{"rendered":"divain.060"},"content":{"rendered":"<p>Egy \u00e9des \u00e9s elb\u0171v\u00f6l\u0151 illat, amely a fant\u00e1zia \u00e9s a romantika vil\u00e1g\u00e1t id\u00e9zi. Csillog\u00f3 nyit\u00e1nya kiwi, v\u00f6r\u00f6s licsi \u00e9s birsalma jegyekkel egy gy\u00fcm\u00f6lcs\u00f6s \u00e9s l\u00e9d\u00fas \u00e9rint\u00e9st ad. A sz\u00edvben a j\u00e1zmin \u00e9s a feh\u00e9r csokol\u00e1d\u00e9 f\u00fcgg\u0151s\u00e9get okoz\u00f3 \u00e9s cs\u00e1b\u00edt\u00f3 kombin\u00e1ci\u00f3t alkot. Az alapban a van\u00edlia, a p\u00e9zsma \u00e9s a kr\u00e9mes f\u00e1s jegyek meleg \u00e9s k\u00f6r\u00fcl\u00f6lel\u0151 nyomot hagynak. T\u00f6k\u00e9letes az \u00e1lmodoz\u00f3, cs\u00e1b\u00edt\u00f3 n\u0151 sz\u00e1m\u00e1ra, akinek var\u00e1zslatos \u00e9s ellen\u00e1llhatatlan lelke van.<\/p>\n","protected":false},"excerpt":{"rendered":"<p>Eml\u00e9keztet a Fantasy-re a Britney Spears-t\u0151l<\/p>\n","protected":false},"featured_media":8477,"comment_status":"open","ping_status":"closed","template":"","meta":[],"product_brand":[],"product_cat":[1896],"product_tag":[1454],"class_list":{"0":"post-8481","1":"product","2":"type-product","3":"status-publish","4":"has-post-thumbnail","6":"product_cat-britney-spears","7":"product_tag-nok","9":"first","10":"instock","11":"shipping-taxable","12":"product-type-simple"},"_links":{"self":[{"href":"https:\/\/divainers.com\/hu\/wp-json\/wp\/v2\/product\/8481","targetHints":{"allow":["GET"]}}],"collection":[{"href":"https:\/\/divainers.com\/hu\/wp-json\/wp\/v2\/product"}],"about":[{"href":"https:\/\/divainers.com\/hu\/wp-json\/wp\/v2\/types\/product"}],"replies":[{"embeddable":true,"href":"https:\/\/divainers.com\/hu\/wp-json\/wp\/v2\/comments?post=8481"}],"wp:featuredmedia":[{"embeddable":true,"href":"https:\/\/divainers.com\/hu\/wp-json\/wp\/v2\/media\/8477"}],"wp:attachment":[{"href":"https:\/\/divainers.com\/hu\/wp-json\/wp\/v2\/media?parent=8481"}],"wp:term":[{"taxonomy":"product_brand","embeddable":true,"href":"https:\/\/divainers.com\/hu\/wp-json\/wp\/v2\/product_brand?post=8481"},{"taxonomy":"product_cat","embeddable":true,"href":"https:\/\/divainers.com\/hu\/wp-json\/wp\/v2\/product_cat?post=8481"},{"taxonomy":"product_tag","embeddable":true,"href":"https:\/\/divainers.com\/hu\/wp-json\/wp\/v2\/product_tag?post=8481"}],"curies":[{"name":"wp","href":"https:\/\/api.w.org\/{rel}","templated":true}]}}