{"id":8525,"date":"2025-01-31T08:31:54","date_gmt":"2025-01-31T07:31:54","guid":{"rendered":"https:\/\/divainers.com\/producto\/divain-137\/"},"modified":"2026-04-30T09:51:33","modified_gmt":"2026-04-30T07:51:33","slug":"divain-137","status":"publish","type":"product","link":"https:\/\/divainers.com\/hu\/producto\/divain-137\/","title":{"rendered":"divain.137"},"content":{"rendered":"<p>Egy meleg \u00e9s eleg\u00e1ns illat, amely kifinomult \u00e9rz\u00e9kis\u00e9g\u00e9vel k\u00f6r\u00fcl\u00f6leli az \u00e9rz\u00e9keket. Gy\u00fcm\u00f6lcs\u00f6s nyit\u00e1nya \u0151szibarackkal, k\u00f6rt\u00e9vel \u00e9s feketeribizlivel egy l\u00e9d\u00fas \u00e9s ragyog\u00f3 \u00e9dess\u00e9get hoz. A sz\u00edvben a j\u00e1zmin \u00e9s a szant\u00e1lfa l\u00e1gy \u00e9s kifinomult kombin\u00e1ci\u00f3t alkot, amely \u00f6lel\u0151 \u00e9rint\u00e9ssel emeli ki a n\u0151iess\u00e9get. Az alapban a van\u00edlia \u00e9s a feh\u00e9r p\u00e9zsma meleg \u00e9s megnyugtat\u00f3 nyomot hagy, t\u00f6k\u00e9letes a klasszikus, kifinomult n\u0151 sz\u00e1m\u00e1ra, akinek id\u0151tlen b\u00e1ja felejthetetlen benyom\u00e1st kelt.<\/p>\n","protected":false},"excerpt":{"rendered":"<p>Eml\u00e9keztet a Burberry Women-re a Burberry-t\u0151l<\/p>\n","protected":false},"featured_media":8519,"comment_status":"open","ping_status":"closed","template":"","meta":[],"product_brand":[],"product_cat":[1918],"product_tag":[1454],"class_list":{"0":"post-8525","1":"product","2":"type-product","3":"status-publish","4":"has-post-thumbnail","6":"product_cat-burberry","7":"product_tag-nok","9":"first","10":"instock","11":"shipping-taxable","12":"product-type-simple"},"_links":{"self":[{"href":"https:\/\/divainers.com\/hu\/wp-json\/wp\/v2\/product\/8525","targetHints":{"allow":["GET"]}}],"collection":[{"href":"https:\/\/divainers.com\/hu\/wp-json\/wp\/v2\/product"}],"about":[{"href":"https:\/\/divainers.com\/hu\/wp-json\/wp\/v2\/types\/product"}],"replies":[{"embeddable":true,"href":"https:\/\/divainers.com\/hu\/wp-json\/wp\/v2\/comments?post=8525"}],"wp:featuredmedia":[{"embeddable":true,"href":"https:\/\/divainers.com\/hu\/wp-json\/wp\/v2\/media\/8519"}],"wp:attachment":[{"href":"https:\/\/divainers.com\/hu\/wp-json\/wp\/v2\/media?parent=8525"}],"wp:term":[{"taxonomy":"product_brand","embeddable":true,"href":"https:\/\/divainers.com\/hu\/wp-json\/wp\/v2\/product_brand?post=8525"},{"taxonomy":"product_cat","embeddable":true,"href":"https:\/\/divainers.com\/hu\/wp-json\/wp\/v2\/product_cat?post=8525"},{"taxonomy":"product_tag","embeddable":true,"href":"https:\/\/divainers.com\/hu\/wp-json\/wp\/v2\/product_tag?post=8525"}],"curies":[{"name":"wp","href":"https:\/\/api.w.org\/{rel}","templated":true}]}}