{"id":8564,"date":"2025-06-02T11:17:25","date_gmt":"2025-06-02T09:17:25","guid":{"rendered":"https:\/\/divainers.com\/producto\/divain-469\/"},"modified":"2026-04-30T09:51:47","modified_gmt":"2026-04-30T07:51:47","slug":"divain-469","status":"publish","type":"product","link":"https:\/\/divainers.com\/hu\/producto\/divain-469\/","title":{"rendered":"divain.469"},"content":{"rendered":"<p>Egy intenz\u00edv \u00e9s kifinomult illat, amely f\u0171szeres melegs\u00e9get \u00f6tv\u00f6z m\u00e9ly \u00e9s eleg\u00e1ns karakterrel. M\u00e1gneses \u00e9s k\u00f6r\u00fcl\u00f6lel\u0151 jelenl\u00e9te ide\u00e1liss\u00e1 teszi azok sz\u00e1m\u00e1ra, akik olyan megk\u00fcl\u00f6nb\u00f6ztetett esszenci\u00e1t keresnek, amely er\u0151t \u00e9s karizm\u00e1t t\u00fckr\u00f6z.<\/p>\n","protected":false},"excerpt":{"rendered":"<p>Eml\u00e9keztet a Bvlgari Manin Black de Bvlgari illat\u00e1ra<\/p>\n","protected":false},"featured_media":3860,"comment_status":"closed","ping_status":"closed","template":"","meta":[],"product_brand":[],"product_cat":[1927],"product_tag":[1360],"class_list":{"0":"post-8564","1":"product","2":"type-product","3":"status-publish","4":"has-post-thumbnail","6":"product_cat-bvlgari","7":"product_tag-muskarci","9":"first","10":"instock","11":"shipping-taxable","12":"product-type-simple"},"_links":{"self":[{"href":"https:\/\/divainers.com\/hu\/wp-json\/wp\/v2\/product\/8564","targetHints":{"allow":["GET"]}}],"collection":[{"href":"https:\/\/divainers.com\/hu\/wp-json\/wp\/v2\/product"}],"about":[{"href":"https:\/\/divainers.com\/hu\/wp-json\/wp\/v2\/types\/product"}],"replies":[{"embeddable":true,"href":"https:\/\/divainers.com\/hu\/wp-json\/wp\/v2\/comments?post=8564"}],"wp:featuredmedia":[{"embeddable":true,"href":"https:\/\/divainers.com\/hu\/wp-json\/wp\/v2\/media\/3860"}],"wp:attachment":[{"href":"https:\/\/divainers.com\/hu\/wp-json\/wp\/v2\/media?parent=8564"}],"wp:term":[{"taxonomy":"product_brand","embeddable":true,"href":"https:\/\/divainers.com\/hu\/wp-json\/wp\/v2\/product_brand?post=8564"},{"taxonomy":"product_cat","embeddable":true,"href":"https:\/\/divainers.com\/hu\/wp-json\/wp\/v2\/product_cat?post=8564"},{"taxonomy":"product_tag","embeddable":true,"href":"https:\/\/divainers.com\/hu\/wp-json\/wp\/v2\/product_tag?post=8564"}],"curies":[{"name":"wp","href":"https:\/\/api.w.org\/{rel}","templated":true}]}}