{"id":9176,"date":"2025-01-31T08:33:39","date_gmt":"2025-01-31T07:33:39","guid":{"rendered":"https:\/\/divainers.com\/producto\/divain-100\/"},"modified":"2026-04-30T09:54:38","modified_gmt":"2026-04-30T07:54:38","slug":"divain-100","status":"publish","type":"product","link":"https:\/\/divainers.com\/hu\/producto\/divain-100\/","title":{"rendered":"divain.100"},"content":{"rendered":"<p>Egy tiszta \u00e9s term\u00e9szetes illat, amely az reggel frissess\u00e9g\u00e9t \u00e9s a term\u00e9szet finoms\u00e1g\u00e1t id\u00e9zi. A citrusok \u00e9s z\u00f6ld levelek vil\u00e1gos nyit\u00e1nya friss\u00edt\u0151 \u00e9s k\u00f6nnyed \u00e9rz\u00e9st kelt. A sz\u00edvben egy j\u00e1zminb\u00f3l, r\u00f3zs\u00e1b\u00f3l \u00e9s gy\u00f6ngyvir\u00e1gb\u00f3l \u00e1ll\u00f3 vir\u00e1gcsokor l\u00e1gy \u00e9s eleg\u00e1ns n\u0151iess\u00e9ggel \u00f6leli k\u00f6r\u00fcl az illatot. Az alapban a p\u00e9zsma \u00e9s a c\u00e9drusfa meleg \u00e9s k\u00f6r\u00fcl\u00f6lel\u0151 nyomot hagy, t\u00f6k\u00e9letes a romantikus, nyugodt n\u0151 sz\u00e1m\u00e1ra, aki finom b\u00e1jjal hagy maradand\u00f3 benyom\u00e1st.<\/p>\n","protected":false},"excerpt":{"rendered":"<p>Eml\u00e9keztet az Agua de Rocio-ra a Victorio &#038; Lucchino-t\u00f3l<\/p>\n","protected":false},"featured_media":9175,"comment_status":"open","ping_status":"closed","template":"","meta":[],"product_brand":[],"product_cat":[2231],"product_tag":[1454],"class_list":{"0":"post-9176","1":"product","2":"type-product","3":"status-publish","4":"has-post-thumbnail","6":"product_cat-victorio-lucchino","7":"product_tag-nok","9":"first","10":"instock","11":"shipping-taxable","12":"product-type-simple"},"_links":{"self":[{"href":"https:\/\/divainers.com\/hu\/wp-json\/wp\/v2\/product\/9176","targetHints":{"allow":["GET"]}}],"collection":[{"href":"https:\/\/divainers.com\/hu\/wp-json\/wp\/v2\/product"}],"about":[{"href":"https:\/\/divainers.com\/hu\/wp-json\/wp\/v2\/types\/product"}],"replies":[{"embeddable":true,"href":"https:\/\/divainers.com\/hu\/wp-json\/wp\/v2\/comments?post=9176"}],"wp:featuredmedia":[{"embeddable":true,"href":"https:\/\/divainers.com\/hu\/wp-json\/wp\/v2\/media\/9175"}],"wp:attachment":[{"href":"https:\/\/divainers.com\/hu\/wp-json\/wp\/v2\/media?parent=9176"}],"wp:term":[{"taxonomy":"product_brand","embeddable":true,"href":"https:\/\/divainers.com\/hu\/wp-json\/wp\/v2\/product_brand?post=9176"},{"taxonomy":"product_cat","embeddable":true,"href":"https:\/\/divainers.com\/hu\/wp-json\/wp\/v2\/product_cat?post=9176"},{"taxonomy":"product_tag","embeddable":true,"href":"https:\/\/divainers.com\/hu\/wp-json\/wp\/v2\/product_tag?post=9176"}],"curies":[{"name":"wp","href":"https:\/\/api.w.org\/{rel}","templated":true}]}}