{"id":929,"date":"2025-01-31T08:33:04","date_gmt":"2025-01-31T07:33:04","guid":{"rendered":"https:\/\/divainers.com\/producto\/divain-402\/"},"modified":"2026-03-16T16:08:05","modified_gmt":"2026-03-16T15:08:05","slug":"divain-402","status":"publish","type":"product","link":"https:\/\/divainers.com\/hu\/producto\/divain-402\/","title":{"rendered":"divain.402"},"content":{"rendered":"<p>Una composici\u00f3n luminosa y moderna que combina la mineralidad con la calidez especiada. Sus acordes de cuero suave y notas met\u00e1licas crean una sensaci\u00f3n et\u00e9rea y sofisticada, mientras un fondo ambarado le otorga profundidad y magnetismo. Atemporal y vanguardista, evoca un viaje hacia lo desconocido.<\/p>\n","protected":false},"excerpt":{"rendered":"<p>Recuerda a Ganymede de Marc-Antoine Barrois<\/p>\n","protected":false},"featured_media":3570,"comment_status":"open","ping_status":"closed","template":"","meta":[],"product_brand":[],"product_cat":[713],"product_tag":[29],"class_list":{"0":"post-929","1":"product","2":"type-product","3":"status-publish","4":"has-post-thumbnail","6":"product_cat-marc-antoine-barrois","7":"product_tag-unisex","9":"first","10":"instock","11":"shipping-taxable","12":"product-type-simple"},"_links":{"self":[{"href":"https:\/\/divainers.com\/hu\/wp-json\/wp\/v2\/product\/929","targetHints":{"allow":["GET"]}}],"collection":[{"href":"https:\/\/divainers.com\/hu\/wp-json\/wp\/v2\/product"}],"about":[{"href":"https:\/\/divainers.com\/hu\/wp-json\/wp\/v2\/types\/product"}],"replies":[{"embeddable":true,"href":"https:\/\/divainers.com\/hu\/wp-json\/wp\/v2\/comments?post=929"}],"wp:featuredmedia":[{"embeddable":true,"href":"https:\/\/divainers.com\/hu\/wp-json\/wp\/v2\/media\/3570"}],"wp:attachment":[{"href":"https:\/\/divainers.com\/hu\/wp-json\/wp\/v2\/media?parent=929"}],"wp:term":[{"taxonomy":"product_brand","embeddable":true,"href":"https:\/\/divainers.com\/hu\/wp-json\/wp\/v2\/product_brand?post=929"},{"taxonomy":"product_cat","embeddable":true,"href":"https:\/\/divainers.com\/hu\/wp-json\/wp\/v2\/product_cat?post=929"},{"taxonomy":"product_tag","embeddable":true,"href":"https:\/\/divainers.com\/hu\/wp-json\/wp\/v2\/product_tag?post=929"}],"curies":[{"name":"wp","href":"https:\/\/api.w.org\/{rel}","templated":true}]}}