{"id":9443,"date":"2025-01-31T08:32:10","date_gmt":"2025-01-31T07:32:10","guid":{"rendered":"https:\/\/divainers.com\/producto\/divain-935\/"},"modified":"2026-04-30T09:55:30","modified_gmt":"2026-04-30T07:55:30","slug":"divain-935","status":"publish","type":"product","link":"https:\/\/divainers.com\/hu\/producto\/divain-935\/","title":{"rendered":"divain.935"},"content":{"rendered":"<p>Egy vibr\u00e1l\u00f3 \u00e9s csillog\u00f3 illat, amely frissess\u00e9g \u00e9s energia robban\u00e1s\u00e1val \u00e9breszti fel az \u00e9rz\u00e9keket. M\u00e1r az els\u0151 pillanatt\u00f3l kezdve a narancs \u00e9s citrom citrusos jegyei egy csipet mandarin \u00e9rint\u00e9s\u00e9vel keverednek, megteremtve a f\u00e9ny \u00e9s vitalit\u00e1s \u00e9rzet\u00e9t, mint egy napsug\u00e1r egy ragyog\u00f3 napon. Ahogy az illat kibontakozik, egy l\u00e1gy j\u00e1zmin \u00e9s r\u00f3zsa vir\u00e1gos akkord n\u0151ies finoms\u00e1got ad hozz\u00e1, m\u00edg a meleg p\u00e9zsma \u00e9s c\u00e9drus alap egy f\u00e1s alapot biztos\u00edt, amely kiegyens\u00falyozza a frissess\u00e9get \u00e9s a l\u00e1gy\u00e1got. Ez a parf\u00fcm t\u00f6k\u00e9letes azok sz\u00e1m\u00e1ra, akik friss\u00edt\u0151 \u00e9s vid\u00e1m illat\u00e9lm\u00e9nyt keresnek, amely k\u00f6nnyed, friss \u00e9s \u00e9lettel teli nyomot hagy maga ut\u00e1n, ide\u00e1lis a szabads\u00e1g \u00e9s optimizmus pillanataihoz.<\/p>\n","protected":false},"excerpt":{"rendered":"<p>Eml\u00e9keztet a Chispas de Dana illatra<\/p>\n","protected":false},"featured_media":3215,"comment_status":"open","ping_status":"closed","template":"","meta":[],"product_brand":[],"product_cat":[2324],"product_tag":[2325],"class_list":{"0":"post-9443","1":"product","2":"type-product","3":"status-publish","4":"has-post-thumbnail","6":"product_cat-dana","7":"product_tag-ninos-y-ninas","9":"first","10":"instock","11":"shipping-taxable","12":"product-type-simple"},"_links":{"self":[{"href":"https:\/\/divainers.com\/hu\/wp-json\/wp\/v2\/product\/9443","targetHints":{"allow":["GET"]}}],"collection":[{"href":"https:\/\/divainers.com\/hu\/wp-json\/wp\/v2\/product"}],"about":[{"href":"https:\/\/divainers.com\/hu\/wp-json\/wp\/v2\/types\/product"}],"replies":[{"embeddable":true,"href":"https:\/\/divainers.com\/hu\/wp-json\/wp\/v2\/comments?post=9443"}],"wp:featuredmedia":[{"embeddable":true,"href":"https:\/\/divainers.com\/hu\/wp-json\/wp\/v2\/media\/3215"}],"wp:attachment":[{"href":"https:\/\/divainers.com\/hu\/wp-json\/wp\/v2\/media?parent=9443"}],"wp:term":[{"taxonomy":"product_brand","embeddable":true,"href":"https:\/\/divainers.com\/hu\/wp-json\/wp\/v2\/product_brand?post=9443"},{"taxonomy":"product_cat","embeddable":true,"href":"https:\/\/divainers.com\/hu\/wp-json\/wp\/v2\/product_cat?post=9443"},{"taxonomy":"product_tag","embeddable":true,"href":"https:\/\/divainers.com\/hu\/wp-json\/wp\/v2\/product_tag?post=9443"}],"curies":[{"name":"wp","href":"https:\/\/api.w.org\/{rel}","templated":true}]}}