{"id":10360,"date":"2026-04-15T15:23:32","date_gmt":"2026-04-15T13:23:32","guid":{"rendered":"https:\/\/divainers.com\/producto\/divain-1321\/"},"modified":"2026-04-15T15:23:32","modified_gmt":"2026-04-15T13:23:32","slug":"divain-1321","status":"publish","type":"product","link":"https:\/\/divainers.com\/it\/producto\/divain-1321\/","title":{"rendered":"divain.1321"},"content":{"rendered":"<p>Evoca una oscuridad elegante y envolvente, donde lo floral se vuelve intenso y misterioso. Tiene un car\u00e1cter profundo y seductor que transmite sofisticaci\u00f3n y magnetismo, perfecto para quienes buscan un aroma atrevido, distintivo y con una presencia hipn\u00f3tica.<\/p>\n","protected":false},"excerpt":{"rendered":"<p><span data-sheets-root=\"1\">Recuerda a Dark Florum de Lorenzo Pazzaglia<\/span><\/p>\n","protected":false},"featured_media":10327,"comment_status":"open","ping_status":"closed","template":"","meta":[],"product_brand":[],"product_cat":[2758],"product_tag":[],"class_list":{"0":"post-10360","1":"product","2":"type-product","3":"status-publish","4":"has-post-thumbnail","6":"product_cat-lorenzo-pazzaglia","8":"first","9":"instock","10":"shipping-taxable","11":"product-type-simple"},"_links":{"self":[{"href":"https:\/\/divainers.com\/it\/wp-json\/wp\/v2\/product\/10360","targetHints":{"allow":["GET"]}}],"collection":[{"href":"https:\/\/divainers.com\/it\/wp-json\/wp\/v2\/product"}],"about":[{"href":"https:\/\/divainers.com\/it\/wp-json\/wp\/v2\/types\/product"}],"replies":[{"embeddable":true,"href":"https:\/\/divainers.com\/it\/wp-json\/wp\/v2\/comments?post=10360"}],"wp:featuredmedia":[{"embeddable":true,"href":"https:\/\/divainers.com\/it\/wp-json\/wp\/v2\/media\/10327"}],"wp:attachment":[{"href":"https:\/\/divainers.com\/it\/wp-json\/wp\/v2\/media?parent=10360"}],"wp:term":[{"taxonomy":"product_brand","embeddable":true,"href":"https:\/\/divainers.com\/it\/wp-json\/wp\/v2\/product_brand?post=10360"},{"taxonomy":"product_cat","embeddable":true,"href":"https:\/\/divainers.com\/it\/wp-json\/wp\/v2\/product_cat?post=10360"},{"taxonomy":"product_tag","embeddable":true,"href":"https:\/\/divainers.com\/it\/wp-json\/wp\/v2\/product_tag?post=10360"}],"curies":[{"name":"wp","href":"https:\/\/api.w.org\/{rel}","templated":true}]}}