{"id":1061,"date":"2025-01-31T08:33:21","date_gmt":"2025-01-31T07:33:21","guid":{"rendered":"https:\/\/divainers.com\/producto\/divain-123\/"},"modified":"2026-03-16T16:08:18","modified_gmt":"2026-03-16T15:08:18","slug":"divain-123","status":"publish","type":"product","link":"https:\/\/divainers.com\/it\/producto\/divain-123\/","title":{"rendered":"divain.123"},"content":{"rendered":"<p>Un aroma elegante y et\u00e9reo que captura la delicadeza y sofisticaci\u00f3n en su estado m\u00e1s puro. Su apertura fresca de mandarina y neroli aporta una luminosidad sutil y refinada. En el coraz\u00f3n, el iris despliega su car\u00e1cter empolvado y elegante, envuelto en la suavidad del g\u00e1lbano y el benju\u00ed. En el fondo, el vetiver y el cedro crean una estela serena y envolvente, perfecta para la mujer sofisticada, minimalista y con un aura de distinci\u00f3n natural que deja una huella inolvidable.<\/p>\n","protected":false},"excerpt":{"rendered":"<p>Recuerda a Infusion D&#8217;Iris de Prada<\/p>\n","protected":false},"featured_media":3613,"comment_status":"open","ping_status":"closed","template":"","meta":[],"product_brand":[],"product_cat":[866],"product_tag":[1420],"class_list":{"0":"post-1061","1":"product","2":"type-product","3":"status-publish","4":"has-post-thumbnail","6":"product_cat-prada","7":"product_tag-frauen","9":"first","10":"instock","11":"shipping-taxable","12":"product-type-simple"},"_links":{"self":[{"href":"https:\/\/divainers.com\/it\/wp-json\/wp\/v2\/product\/1061","targetHints":{"allow":["GET"]}}],"collection":[{"href":"https:\/\/divainers.com\/it\/wp-json\/wp\/v2\/product"}],"about":[{"href":"https:\/\/divainers.com\/it\/wp-json\/wp\/v2\/types\/product"}],"replies":[{"embeddable":true,"href":"https:\/\/divainers.com\/it\/wp-json\/wp\/v2\/comments?post=1061"}],"wp:featuredmedia":[{"embeddable":true,"href":"https:\/\/divainers.com\/it\/wp-json\/wp\/v2\/media\/3613"}],"wp:attachment":[{"href":"https:\/\/divainers.com\/it\/wp-json\/wp\/v2\/media?parent=1061"}],"wp:term":[{"taxonomy":"product_brand","embeddable":true,"href":"https:\/\/divainers.com\/it\/wp-json\/wp\/v2\/product_brand?post=1061"},{"taxonomy":"product_cat","embeddable":true,"href":"https:\/\/divainers.com\/it\/wp-json\/wp\/v2\/product_cat?post=1061"},{"taxonomy":"product_tag","embeddable":true,"href":"https:\/\/divainers.com\/it\/wp-json\/wp\/v2\/product_tag?post=1061"}],"curies":[{"name":"wp","href":"https:\/\/api.w.org\/{rel}","templated":true}]}}