{"id":1167,"date":"2025-01-31T08:33:35","date_gmt":"2025-01-31T07:33:35","guid":{"rendered":"https:\/\/divainers.com\/producto\/divain-354\/"},"modified":"2026-04-30T16:01:31","modified_gmt":"2026-04-30T14:01:31","slug":"divain-354","status":"publish","type":"product","link":"https:\/\/divainers.com\/it\/producto\/divain-354\/","title":{"rendered":"divain.354"},"content":{"rendered":"<p>Mlada i svestrana mirisna nota s osvje\u017eavaju\u0107im i za\u010dinskim karakterom. Njegov citrusni i \u017eivahni po\u010detak vodi do aromati\u010dnog i blago za\u010dinskog srca, gdje nje\u017ene drvenaste note donose dubinu i toplinu. Bazni tonovi su moderni i \u010disti, s ravnote\u017eom izme\u0111u svje\u017eine i senzualnosti, idealni za one koji tra\u017ee dinami\u010dan i suvremen miris.<\/p>\n","protected":false},"excerpt":{"rendered":"<p>Podsje\u0107a na Tommy Now Them od Tommy Hilfiger<\/p>\n","protected":false},"featured_media":15383,"comment_status":"open","ping_status":"closed","template":"","meta":[],"product_brand":[],"product_cat":[4273],"product_tag":[1413],"class_list":{"0":"post-1167","1":"product","2":"type-product","3":"status-publish","4":"has-post-thumbnail","6":"product_cat-tommy-hilfiger","7":"product_tag-1413","9":"first","10":"instock","11":"shipping-taxable","12":"product-type-simple"},"_links":{"self":[{"href":"https:\/\/divainers.com\/it\/wp-json\/wp\/v2\/product\/1167","targetHints":{"allow":["GET"]}}],"collection":[{"href":"https:\/\/divainers.com\/it\/wp-json\/wp\/v2\/product"}],"about":[{"href":"https:\/\/divainers.com\/it\/wp-json\/wp\/v2\/types\/product"}],"replies":[{"embeddable":true,"href":"https:\/\/divainers.com\/it\/wp-json\/wp\/v2\/comments?post=1167"}],"wp:featuredmedia":[{"embeddable":true,"href":"https:\/\/divainers.com\/it\/wp-json\/wp\/v2\/media\/15383"}],"wp:attachment":[{"href":"https:\/\/divainers.com\/it\/wp-json\/wp\/v2\/media?parent=1167"}],"wp:term":[{"taxonomy":"product_brand","embeddable":true,"href":"https:\/\/divainers.com\/it\/wp-json\/wp\/v2\/product_brand?post=1167"},{"taxonomy":"product_cat","embeddable":true,"href":"https:\/\/divainers.com\/it\/wp-json\/wp\/v2\/product_cat?post=1167"},{"taxonomy":"product_tag","embeddable":true,"href":"https:\/\/divainers.com\/it\/wp-json\/wp\/v2\/product_tag?post=1167"}],"curies":[{"name":"wp","href":"https:\/\/api.w.org\/{rel}","templated":true}]}}