{"id":1186,"date":"2025-01-31T08:33:36","date_gmt":"2025-01-31T07:33:36","guid":{"rendered":"https:\/\/divainers.com\/producto\/divain-146\/"},"modified":"2026-04-30T15:57:26","modified_gmt":"2026-04-30T13:57:26","slug":"divain-146","status":"publish","type":"product","link":"https:\/\/divainers.com\/it\/producto\/divain-146\/","title":{"rendered":"divain.146"},"content":{"rendered":"<p>Sjajan i \u017eenstven miris koji priziva svje\u017einu, eleganciju i senzualnost. Njegov \u0161armantan po\u010detak od yuzu-a i nara donosi \u017eivahan i so\u010dan osje\u0107aj, obavijen osvje\u017eavaju\u0107im vodenim dodirom. U srcu, bo\u017eur, magnolija i lotos otkrivaju nje\u017enu i sofisticiranu \u017eenstvenost. U bazi, jantar, mo\u0161us i mahagonij stvaraju mekan i obavijaju\u0107i trag, savr\u0161en za elegantnu, blistavu i samouvjerenu \u017eenu koja ostavlja nezaboravan dojam gdje god da krene.<\/p>\n","protected":false},"excerpt":{"rendered":"<p>Podsje\u0107a na Bright Crystal od Versace<\/p>\n","protected":false},"featured_media":15217,"comment_status":"open","ping_status":"closed","template":"","meta":[],"product_brand":[],"product_cat":[1740],"product_tag":[1434],"class_list":{"0":"post-1186","1":"product","2":"type-product","3":"status-publish","4":"has-post-thumbnail","6":"product_cat-versace","7":"product_tag-zene","9":"first","10":"instock","11":"shipping-taxable","12":"product-type-simple"},"_links":{"self":[{"href":"https:\/\/divainers.com\/it\/wp-json\/wp\/v2\/product\/1186","targetHints":{"allow":["GET"]}}],"collection":[{"href":"https:\/\/divainers.com\/it\/wp-json\/wp\/v2\/product"}],"about":[{"href":"https:\/\/divainers.com\/it\/wp-json\/wp\/v2\/types\/product"}],"replies":[{"embeddable":true,"href":"https:\/\/divainers.com\/it\/wp-json\/wp\/v2\/comments?post=1186"}],"wp:featuredmedia":[{"embeddable":true,"href":"https:\/\/divainers.com\/it\/wp-json\/wp\/v2\/media\/15217"}],"wp:attachment":[{"href":"https:\/\/divainers.com\/it\/wp-json\/wp\/v2\/media?parent=1186"}],"wp:term":[{"taxonomy":"product_brand","embeddable":true,"href":"https:\/\/divainers.com\/it\/wp-json\/wp\/v2\/product_brand?post=1186"},{"taxonomy":"product_cat","embeddable":true,"href":"https:\/\/divainers.com\/it\/wp-json\/wp\/v2\/product_cat?post=1186"},{"taxonomy":"product_tag","embeddable":true,"href":"https:\/\/divainers.com\/it\/wp-json\/wp\/v2\/product_tag?post=1186"}],"curies":[{"name":"wp","href":"https:\/\/api.w.org\/{rel}","templated":true}]}}