{"id":1189,"date":"2025-01-31T08:33:38","date_gmt":"2025-01-31T07:33:38","guid":{"rendered":"https:\/\/divainers.com\/producto\/divain-269\/"},"modified":"2026-04-30T15:59:45","modified_gmt":"2026-04-30T13:59:45","slug":"divain-269","status":"publish","type":"product","link":"https:\/\/divainers.com\/it\/producto\/divain-269\/","title":{"rendered":"divain.269"},"content":{"rendered":"<p>Mu\u0161ki je miris koji priziva osje\u0107aj svje\u017eine i mira. Njegove gornje note kombiniraju mje\u0161avinu lavande, bergamota i mandarine, stvaraju\u0107i svje\u017e i citrusni po\u010detak. U srcu se nalaze cvjetne note poput geranija, s biljnim i za\u010dinskim dodirima koji dodaju slo\u017eenost. Baza mirisa je topla i drvenasta, s sandalovinom, jantarom i duhanom, \u0161to mu daje dubok i senzualan karakter. Idealan je za one koji tra\u017ee sofisticirani i mirni miris, prikladan za svakodnevnu upotrebu.<\/p>\n","protected":false},"excerpt":{"rendered":"<p>Podsje\u0107a na Dreamer od Versace<\/p>\n","protected":false},"featured_media":15317,"comment_status":"open","ping_status":"closed","template":"","meta":[],"product_brand":[],"product_cat":[1750],"product_tag":[1360],"class_list":{"0":"post-1189","1":"product","2":"type-product","3":"status-publish","4":"has-post-thumbnail","6":"product_cat-versace","7":"product_tag-muskarci","9":"first","10":"instock","11":"shipping-taxable","12":"product-type-simple"},"_links":{"self":[{"href":"https:\/\/divainers.com\/it\/wp-json\/wp\/v2\/product\/1189","targetHints":{"allow":["GET"]}}],"collection":[{"href":"https:\/\/divainers.com\/it\/wp-json\/wp\/v2\/product"}],"about":[{"href":"https:\/\/divainers.com\/it\/wp-json\/wp\/v2\/types\/product"}],"replies":[{"embeddable":true,"href":"https:\/\/divainers.com\/it\/wp-json\/wp\/v2\/comments?post=1189"}],"wp:featuredmedia":[{"embeddable":true,"href":"https:\/\/divainers.com\/it\/wp-json\/wp\/v2\/media\/15317"}],"wp:attachment":[{"href":"https:\/\/divainers.com\/it\/wp-json\/wp\/v2\/media?parent=1189"}],"wp:term":[{"taxonomy":"product_brand","embeddable":true,"href":"https:\/\/divainers.com\/it\/wp-json\/wp\/v2\/product_brand?post=1189"},{"taxonomy":"product_cat","embeddable":true,"href":"https:\/\/divainers.com\/it\/wp-json\/wp\/v2\/product_cat?post=1189"},{"taxonomy":"product_tag","embeddable":true,"href":"https:\/\/divainers.com\/it\/wp-json\/wp\/v2\/product_tag?post=1189"}],"curies":[{"name":"wp","href":"https:\/\/api.w.org\/{rel}","templated":true}]}}