{"id":344,"date":"2025-01-31T08:31:51","date_gmt":"2025-01-31T07:31:51","guid":{"rendered":"https:\/\/divainers.com\/producto\/divain-466\/"},"modified":"2026-04-30T16:20:47","modified_gmt":"2026-04-30T14:20:47","slug":"divain-466","status":"publish","type":"product","link":"https:\/\/divainers.com\/it\/producto\/divain-466\/","title":{"rendered":"divain.466"},"content":{"rendered":"<p>\u017div\u00e1 a sofistikovan\u00e1 v\u016fn\u011b, kter\u00e1 zachycuje energii \u00fasvitu kombinac\u00ed sv\u011b\u017e\u00edch citrus\u016f a obklopuj\u00edc\u00edch d\u0159evit\u00fdch t\u00f3n\u016f. Od za\u010d\u00e1tku exploduje \u0161\u0165avnat\u00e1 mandarinka a bergamot, kter\u00e9 probouzej\u00ed smysly sv\u011b\u017eest\u00ed a vitalitou. V srdci v\u016fn\u011b levandule a jemn\u00fd ko\u0159en\u011bn\u00fd n\u00e1dech vytv\u00e1\u0159ej\u00ed vyv\u00e1\u017een\u00fd a elegantn\u00ed celek. Nakonec tepl\u00fd z\u00e1klad z jantaru, vanilky a kou\u0159ov\u00e9ho d\u0159eva zanech\u00e1v\u00e1 sv\u016fdnou a dlouhotrvaj\u00edc\u00ed stopu. Modern\u00ed a magnetick\u00fd parf\u00e9m, ide\u00e1ln\u00ed pro ty, kte\u0159\u00ed hledaj\u00ed sv\u011b\u017e\u00ed, dynamickou a sofistikovanou v\u016fni.<\/p>\n","protected":false},"excerpt":{"rendered":"<p>P\u0159ipom\u00edn\u00e1 Odyssey Mandarin Sky od Armaf<\/p>\n","protected":false},"featured_media":15920,"comment_status":"open","ping_status":"closed","template":"","meta":[],"product_brand":[],"product_cat":[1623],"product_tag":[1373],"class_list":{"0":"post-344","1":"product","2":"type-product","3":"status-publish","4":"has-post-thumbnail","6":"product_cat-armaf","7":"product_tag-1373","9":"first","10":"instock","11":"shipping-taxable","12":"product-type-simple"},"_links":{"self":[{"href":"https:\/\/divainers.com\/it\/wp-json\/wp\/v2\/product\/344","targetHints":{"allow":["GET"]}}],"collection":[{"href":"https:\/\/divainers.com\/it\/wp-json\/wp\/v2\/product"}],"about":[{"href":"https:\/\/divainers.com\/it\/wp-json\/wp\/v2\/types\/product"}],"replies":[{"embeddable":true,"href":"https:\/\/divainers.com\/it\/wp-json\/wp\/v2\/comments?post=344"}],"wp:featuredmedia":[{"embeddable":true,"href":"https:\/\/divainers.com\/it\/wp-json\/wp\/v2\/media\/15920"}],"wp:attachment":[{"href":"https:\/\/divainers.com\/it\/wp-json\/wp\/v2\/media?parent=344"}],"wp:term":[{"taxonomy":"product_brand","embeddable":true,"href":"https:\/\/divainers.com\/it\/wp-json\/wp\/v2\/product_brand?post=344"},{"taxonomy":"product_cat","embeddable":true,"href":"https:\/\/divainers.com\/it\/wp-json\/wp\/v2\/product_cat?post=344"},{"taxonomy":"product_tag","embeddable":true,"href":"https:\/\/divainers.com\/it\/wp-json\/wp\/v2\/product_tag?post=344"}],"curies":[{"name":"wp","href":"https:\/\/api.w.org\/{rel}","templated":true}]}}