{"id":363,"date":"2025-01-31T08:31:54","date_gmt":"2025-01-31T07:31:54","guid":{"rendered":"https:\/\/divainers.com\/producto\/divain-360\/"},"modified":"2026-04-30T16:20:57","modified_gmt":"2026-04-30T14:20:57","slug":"divain-360","status":"publish","type":"product","link":"https:\/\/divainers.com\/it\/producto\/divain-360\/","title":{"rendered":"divain.360"},"content":{"rendered":"<p>\u010cerstv\u00e1 a d\u0159evit\u00e1 kombinace, kter\u00e1 vyza\u0159uje s\u00edlu a modern\u00ed eleganci. Jisk\u0159iv\u00fd n\u00e1dech bergamotu p\u0159in\u00e1\u0161\u00ed sv\u011b\u017eest, zat\u00edmco jalovec a \u010dern\u00fd pep\u0159 dod\u00e1vaj\u00ed ko\u0159en\u011bn\u00fd a aromatick\u00fd t\u00f3n. V z\u00e1kladu se prol\u00edn\u00e1 trojice cedr\u016f z r\u016fzn\u00fdch oblast\u00ed, vytv\u00e1\u0159ej\u00edc\u00ed tepl\u00fd, sofistikovan\u00fd a v\u00fdrazn\u00fd z\u00e1klad. Dynamick\u00e1 a sou\u010dasn\u00e1 v\u016fn\u011b evokuj\u00edc\u00ed svobodu a odhodl\u00e1n\u00ed.<\/p>\n","protected":false},"excerpt":{"rendered":"<p>P\u0159ipom\u00edn\u00e1 Hero od Burberry<\/p>\n","protected":false},"featured_media":15927,"comment_status":"open","ping_status":"closed","template":"","meta":[],"product_brand":[],"product_cat":[1907],"product_tag":[1341],"class_list":{"0":"post-363","1":"product","2":"type-product","3":"status-publish","4":"has-post-thumbnail","6":"product_cat-burberry","7":"product_tag-muzi","9":"first","10":"instock","11":"shipping-taxable","12":"product-type-simple"},"_links":{"self":[{"href":"https:\/\/divainers.com\/it\/wp-json\/wp\/v2\/product\/363","targetHints":{"allow":["GET"]}}],"collection":[{"href":"https:\/\/divainers.com\/it\/wp-json\/wp\/v2\/product"}],"about":[{"href":"https:\/\/divainers.com\/it\/wp-json\/wp\/v2\/types\/product"}],"replies":[{"embeddable":true,"href":"https:\/\/divainers.com\/it\/wp-json\/wp\/v2\/comments?post=363"}],"wp:featuredmedia":[{"embeddable":true,"href":"https:\/\/divainers.com\/it\/wp-json\/wp\/v2\/media\/15927"}],"wp:attachment":[{"href":"https:\/\/divainers.com\/it\/wp-json\/wp\/v2\/media?parent=363"}],"wp:term":[{"taxonomy":"product_brand","embeddable":true,"href":"https:\/\/divainers.com\/it\/wp-json\/wp\/v2\/product_brand?post=363"},{"taxonomy":"product_cat","embeddable":true,"href":"https:\/\/divainers.com\/it\/wp-json\/wp\/v2\/product_cat?post=363"},{"taxonomy":"product_tag","embeddable":true,"href":"https:\/\/divainers.com\/it\/wp-json\/wp\/v2\/product_tag?post=363"}],"curies":[{"name":"wp","href":"https:\/\/api.w.org\/{rel}","templated":true}]}}