{"id":382,"date":"2025-01-31T08:31:57","date_gmt":"2025-01-31T07:31:57","guid":{"rendered":"https:\/\/divainers.com\/producto\/divain-905\/"},"modified":"2026-04-30T16:21:23","modified_gmt":"2026-04-30T14:21:23","slug":"divain-905","status":"publish","type":"product","link":"https:\/\/divainers.com\/it\/producto\/divain-905\/","title":{"rendered":"divain.905"},"content":{"rendered":"<p>Odv\u00e1\u017en\u00e1 a posiluj\u00edc\u00ed v\u016fn\u011b, kter\u00e1 spojuje \u017eenskost s jedine\u010dnou sofistikovanost\u00ed. Od prvn\u00edho okam\u017eiku exploduj\u00ed \u0161\u0165avnat\u00e9 plody jako klementinka a hru\u0161ka, kter\u00e9 se prol\u00ednaj\u00ed s jemnou kv\u011btinovou notou r\u016f\u017ee, evokuj\u00edc\u00ed pocit \u017eiv\u00e9 sv\u011b\u017eesti a z\u00e1\u0159ivosti. Jak se v\u016fn\u011b rozv\u00edj\u00ed, sladk\u00e9 t\u00f3ny medu se m\u00eds\u00ed s h\u0159ejivost\u00ed vanilky a pralinek, p\u0159in\u00e1\u0161ej\u00ed neodolatelnou jemnost a okouzluj\u00edc\u00ed smyslnost. Z\u00e1klad z cedru a pi\u017ema dod\u00e1v\u00e1 hloubku a s\u00edlu, vytv\u00e1\u0159\u00ed sofistikovanou stopu, kter\u00e1 odr\u00e1\u017e\u00ed nez\u00e1vislost a eleganci. Tato v\u016fn\u011b je pro ty, kte\u0159\u00ed hledaj\u00ed parf\u00e9m vyza\u0159uj\u00edc\u00ed sebev\u011bdom\u00ed, smyslnost a s\u00edlu, ani\u017e by ztratila sv\u016fj sladk\u00fd a okouzluj\u00edc\u00ed n\u00e1dech.<\/p>\n","protected":false},"excerpt":{"rendered":"<p>P\u0159ipom\u00edn\u00e1 I don&#8217;t need a prince by my side to be a princess od by Kilian<\/p>\n","protected":false},"featured_media":15947,"comment_status":"open","ping_status":"closed","template":"","meta":[],"product_brand":[],"product_cat":[1960],"product_tag":[1389],"class_list":{"0":"post-382","1":"product","2":"type-product","3":"status-publish","4":"has-post-thumbnail","6":"product_cat-by-kilian","7":"product_tag-unisex","9":"first","10":"instock","11":"shipping-taxable","12":"product-type-simple"},"_links":{"self":[{"href":"https:\/\/divainers.com\/it\/wp-json\/wp\/v2\/product\/382","targetHints":{"allow":["GET"]}}],"collection":[{"href":"https:\/\/divainers.com\/it\/wp-json\/wp\/v2\/product"}],"about":[{"href":"https:\/\/divainers.com\/it\/wp-json\/wp\/v2\/types\/product"}],"replies":[{"embeddable":true,"href":"https:\/\/divainers.com\/it\/wp-json\/wp\/v2\/comments?post=382"}],"wp:featuredmedia":[{"embeddable":true,"href":"https:\/\/divainers.com\/it\/wp-json\/wp\/v2\/media\/15947"}],"wp:attachment":[{"href":"https:\/\/divainers.com\/it\/wp-json\/wp\/v2\/media?parent=382"}],"wp:term":[{"taxonomy":"product_brand","embeddable":true,"href":"https:\/\/divainers.com\/it\/wp-json\/wp\/v2\/product_brand?post=382"},{"taxonomy":"product_cat","embeddable":true,"href":"https:\/\/divainers.com\/it\/wp-json\/wp\/v2\/product_cat?post=382"},{"taxonomy":"product_tag","embeddable":true,"href":"https:\/\/divainers.com\/it\/wp-json\/wp\/v2\/product_tag?post=382"}],"curies":[{"name":"wp","href":"https:\/\/api.w.org\/{rel}","templated":true}]}}